{"id":1246,"date":"2020-01-28T15:23:53","date_gmt":"2020-01-28T15:23:53","guid":{"rendered":"https:\/\/unicornwave.com\/de\/frequently-asked-questions\/"},"modified":"2020-04-15T05:39:07","modified_gmt":"2020-04-15T05:39:07","slug":"frequently-asked-questions","status":"publish","type":"page","link":"https:\/\/unicornwave.com\/de\/frequently-asked-questions\/","title":{"rendered":"H\u00e4ufig gestellte Fragen"},"content":{"rendered":"<h3>Wie suche ich nach Produkten?<\/h3>\n<p>Suchen Sie nach Produkten, indem Sie den Produktnamen oder das Stichwort in das Feld eingeben <em>Suchleiste<\/em> am oberen Rand einer Seite. Versuchen Sie, eine allgemeine Beschreibung einzugeben. Je mehr Keywords Sie verwenden, desto weniger Produkte werden auf der Ergebnisseite angezeigt. Wenn Sie ein Produkt finden, das Sie interessiert, klicken Sie einfach auf den Produktnamen oder das Produktbild, um weitere Informationen zu erhalten.<\/p>\n<h3>Wie werden die Versandkosten berechnet?<\/h3>\n<p>Die Versandkosten werden nach Versandart (Luft, See oder Land) und Gewicht\/ Volumen des Produkts berechnet. Verschiedene Reedereien haben unterschiedliche Tarife, daher ist es am besten zu pr\u00fcfen und zu vergleichen, welche am g\u00fcnstigsten und kosteng\u00fcnstigsten sind. Weitere Informationen zur Berechnung der Versandkosten finden Sie hier <u><a href=\"https:\/\/unicornwave.com\/de\/contact-us\/\">kontaktieren Sie uns<\/a><\/u> direkt.<\/p>\n<h3>Was ist der K\u00e4uferschutz?<\/h3>\n<p>K\u00e4uferschutz besteht aus einer Reihe von Garantien, die es K\u00e4ufern erm\u00f6glichen, auf unserer Webseite vertrauensvoll einzukaufen.<\/p>\n<p>Sie sind gesch\u00fctzt, wenn:<\/p>\n<ul>\n<li>Der von Ihnen bestellte Artikel ist nicht innerhalb der vom Verk\u00e4ufer versprochenen Zeit eingetroffen.<\/li>\n<li>Der Artikel, den Sie erhalten haben, war nicht wie beschrieben.<\/li>\n<li>Der Artikel, den Sie erhalten haben und dessen Echtheit garantiert wurde, war gef\u00e4lscht.<\/li>\n<\/ul>\n","protected":false},"excerpt":{"rendered":"<p>Wie suche ich nach Produkten? Suchen Sie nach Produkten, indem Sie den Produktnamen oder das Stichwort in das Feld eingeben Suchleiste am oberen Rand einer Seite. Versuchen Sie, eine allgemeine Beschreibung einzugeben. Je mehr Keywords Sie verwenden, desto weniger Produkte werden auf der Ergebnisseite angezeigt. Wenn Sie ein Produkt finden,&#8230;<\/p>\n","protected":false},"author":1,"featured_media":0,"parent":0,"menu_order":0,"comment_status":"closed","ping_status":"closed","template":"","meta":[],"yoast_head":"<!-- This site is optimized with the Yoast SEO plugin v18.4.1 - https:\/\/yoast.com\/wordpress\/plugins\/seo\/ -->\n<title>H\u00e4ufig gestellte Fragen - Unicorn Wave Deutschland<\/title>\n<meta name=\"description\" content=\"Wie suche ich nach Produkten? Suchen Sie nach Produkten, indem Sie den Produktnamen oder das Stichwort in das Feld eingeben Suchleiste am oberen Rand\" \/>\n<meta name=\"robots\" content=\"index, follow, max-snippet:-1, max-image-preview:large, max-video-preview:-1\" \/>\n<link rel=\"canonical\" href=\"https:\/\/unicornwave.com\/de\/frequently-asked-questions\/\" \/>\n<meta property=\"og:locale\" content=\"de_DE\" \/>\n<meta property=\"og:type\" content=\"article\" \/>\n<meta property=\"og:title\" content=\"H\u00e4ufig gestellte Fragen - Unicorn Wave Deutschland\" \/>\n<meta property=\"og:description\" content=\"Wie suche ich nach Produkten? Suchen Sie nach Produkten, indem Sie den Produktnamen oder das Stichwort in das Feld eingeben Suchleiste am oberen Rand\" \/>\n<meta property=\"og:url\" content=\"https:\/\/unicornwave.com\/de\/frequently-asked-questions\/\" \/>\n<meta property=\"og:site_name\" content=\"Unicorn Wave Deutschland\" \/>\n<meta property=\"article:modified_time\" content=\"2020-04-15T05:39:07+00:00\" \/>\n<meta name=\"twitter:card\" content=\"summary_large_image\" \/>\n<meta name=\"twitter:label1\" content=\"Gesch\u00e4tzte Lesezeit\" \/>\n\t<meta name=\"twitter:data1\" content=\"1\u00a0Minute\" \/>\n<script type=\"application\/ld+json\" class=\"yoast-schema-graph\">{\"@context\":\"https:\/\/schema.org\",\"@graph\":[{\"@type\":\"Organization\",\"@id\":\"https:\/\/unicornwave.com\/de\/#organization\",\"name\":\"Unicorn Wave Deutschland\",\"url\":\"https:\/\/unicornwave.com\/de\/\",\"sameAs\":[],\"logo\":{\"@type\":\"ImageObject\",\"@id\":\"https:\/\/unicornwave.com\/de\/#logo\",\"inLanguage\":\"de\",\"url\":\"https:\/\/unicornwave.com\/de\/wp-content\/uploads\/2020\/04\/Asset-21.png\",\"contentUrl\":\"https:\/\/unicornwave.com\/de\/wp-content\/uploads\/2020\/04\/Asset-21.png\",\"width\":264,\"height\":65,\"caption\":\"Unicorn Wave Deutschland\"},\"image\":{\"@id\":\"https:\/\/unicornwave.com\/de\/#logo\"}},{\"@type\":\"WebSite\",\"@id\":\"https:\/\/unicornwave.com\/de\/#website\",\"url\":\"https:\/\/unicornwave.com\/de\/\",\"name\":\"Unicorn Wave Deutschland\",\"description\":\"\",\"publisher\":{\"@id\":\"https:\/\/unicornwave.com\/de\/#organization\"},\"potentialAction\":[{\"@type\":\"SearchAction\",\"target\":{\"@type\":\"EntryPoint\",\"urlTemplate\":\"https:\/\/unicornwave.com\/de\/?s={search_term_string}\"},\"query-input\":\"required name=search_term_string\"}],\"inLanguage\":\"de\"},{\"@type\":\"WebPage\",\"@id\":\"https:\/\/unicornwave.com\/de\/frequently-asked-questions\/#webpage\",\"url\":\"https:\/\/unicornwave.com\/de\/frequently-asked-questions\/\",\"name\":\"H\u00e4ufig gestellte Fragen - Unicorn Wave Deutschland\",\"isPartOf\":{\"@id\":\"https:\/\/unicornwave.com\/de\/#website\"},\"datePublished\":\"2020-01-28T15:23:53+00:00\",\"dateModified\":\"2020-04-15T05:39:07+00:00\",\"description\":\"Wie suche ich nach Produkten? Suchen Sie nach Produkten, indem Sie den Produktnamen oder das Stichwort in das Feld eingeben Suchleiste am oberen Rand\",\"breadcrumb\":{\"@id\":\"https:\/\/unicornwave.com\/de\/frequently-asked-questions\/#breadcrumb\"},\"inLanguage\":\"de\",\"potentialAction\":[{\"@type\":\"ReadAction\",\"target\":[\"https:\/\/unicornwave.com\/de\/frequently-asked-questions\/\"]}]},{\"@type\":\"BreadcrumbList\",\"@id\":\"https:\/\/unicornwave.com\/de\/frequently-asked-questions\/#breadcrumb\",\"itemListElement\":[{\"@type\":\"ListItem\",\"position\":1,\"name\":\"Home\",\"item\":\"https:\/\/unicornwave.com\/de\/\"},{\"@type\":\"ListItem\",\"position\":2,\"name\":\"H\u00e4ufig gestellte Fragen\"}]}]}<\/script>\n<!-- \/ Yoast SEO plugin. -->","yoast_head_json":{"title":"H\u00e4ufig gestellte Fragen - Unicorn Wave Deutschland","description":"Wie suche ich nach Produkten? Suchen Sie nach Produkten, indem Sie den Produktnamen oder das Stichwort in das Feld eingeben Suchleiste am oberen Rand","robots":{"index":"index","follow":"follow","max-snippet":"max-snippet:-1","max-image-preview":"max-image-preview:large","max-video-preview":"max-video-preview:-1"},"canonical":"https:\/\/unicornwave.com\/de\/frequently-asked-questions\/","og_locale":"de_DE","og_type":"article","og_title":"H\u00e4ufig gestellte Fragen - Unicorn Wave Deutschland","og_description":"Wie suche ich nach Produkten? Suchen Sie nach Produkten, indem Sie den Produktnamen oder das Stichwort in das Feld eingeben Suchleiste am oberen Rand","og_url":"https:\/\/unicornwave.com\/de\/frequently-asked-questions\/","og_site_name":"Unicorn Wave Deutschland","article_modified_time":"2020-04-15T05:39:07+00:00","twitter_card":"summary_large_image","twitter_misc":{"Gesch\u00e4tzte Lesezeit":"1\u00a0Minute"},"schema":{"@context":"https:\/\/schema.org","@graph":[{"@type":"Organization","@id":"https:\/\/unicornwave.com\/de\/#organization","name":"Unicorn Wave Deutschland","url":"https:\/\/unicornwave.com\/de\/","sameAs":[],"logo":{"@type":"ImageObject","@id":"https:\/\/unicornwave.com\/de\/#logo","inLanguage":"de","url":"https:\/\/unicornwave.com\/de\/wp-content\/uploads\/2020\/04\/Asset-21.png","contentUrl":"https:\/\/unicornwave.com\/de\/wp-content\/uploads\/2020\/04\/Asset-21.png","width":264,"height":65,"caption":"Unicorn Wave Deutschland"},"image":{"@id":"https:\/\/unicornwave.com\/de\/#logo"}},{"@type":"WebSite","@id":"https:\/\/unicornwave.com\/de\/#website","url":"https:\/\/unicornwave.com\/de\/","name":"Unicorn Wave Deutschland","description":"","publisher":{"@id":"https:\/\/unicornwave.com\/de\/#organization"},"potentialAction":[{"@type":"SearchAction","target":{"@type":"EntryPoint","urlTemplate":"https:\/\/unicornwave.com\/de\/?s={search_term_string}"},"query-input":"required name=search_term_string"}],"inLanguage":"de"},{"@type":"WebPage","@id":"https:\/\/unicornwave.com\/de\/frequently-asked-questions\/#webpage","url":"https:\/\/unicornwave.com\/de\/frequently-asked-questions\/","name":"H\u00e4ufig gestellte Fragen - Unicorn Wave Deutschland","isPartOf":{"@id":"https:\/\/unicornwave.com\/de\/#website"},"datePublished":"2020-01-28T15:23:53+00:00","dateModified":"2020-04-15T05:39:07+00:00","description":"Wie suche ich nach Produkten? Suchen Sie nach Produkten, indem Sie den Produktnamen oder das Stichwort in das Feld eingeben Suchleiste am oberen Rand","breadcrumb":{"@id":"https:\/\/unicornwave.com\/de\/frequently-asked-questions\/#breadcrumb"},"inLanguage":"de","potentialAction":[{"@type":"ReadAction","target":["https:\/\/unicornwave.com\/de\/frequently-asked-questions\/"]}]},{"@type":"BreadcrumbList","@id":"https:\/\/unicornwave.com\/de\/frequently-asked-questions\/#breadcrumb","itemListElement":[{"@type":"ListItem","position":1,"name":"Home","item":"https:\/\/unicornwave.com\/de\/"},{"@type":"ListItem","position":2,"name":"H\u00e4ufig gestellte Fragen"}]}]}},"_links":{"self":[{"href":"https:\/\/unicornwave.com\/de\/wp-json\/wp\/v2\/pages\/1246"}],"collection":[{"href":"https:\/\/unicornwave.com\/de\/wp-json\/wp\/v2\/pages"}],"about":[{"href":"https:\/\/unicornwave.com\/de\/wp-json\/wp\/v2\/types\/page"}],"author":[{"embeddable":true,"href":"https:\/\/unicornwave.com\/de\/wp-json\/wp\/v2\/users\/1"}],"replies":[{"embeddable":true,"href":"https:\/\/unicornwave.com\/de\/wp-json\/wp\/v2\/comments?post=1246"}],"version-history":[{"count":1,"href":"https:\/\/unicornwave.com\/de\/wp-json\/wp\/v2\/pages\/1246\/revisions"}],"predecessor-version":[{"id":1420,"href":"https:\/\/unicornwave.com\/de\/wp-json\/wp\/v2\/pages\/1246\/revisions\/1420"}],"wp:attachment":[{"href":"https:\/\/unicornwave.com\/de\/wp-json\/wp\/v2\/media?parent=1246"}],"curies":[{"name":"wp","href":"https:\/\/api.w.org\/{rel}","templated":true}]}}