{"id":5826,"date":"2020-07-02T02:40:45","date_gmt":"2020-07-02T02:40:45","guid":{"rendered":"https:\/\/unicornwave.com\/pt\/payment-methods\/"},"modified":"2020-07-02T02:40:45","modified_gmt":"2020-07-02T02:40:45","slug":"payment-methods","status":"publish","type":"page","link":"https:\/\/unicornwave.com\/pt\/payment-methods\/","title":{"rendered":"M\u00e9todos de Pagamento"},"content":{"rendered":"<p>Os m\u00e9todos de pagamento incluem PayPal, PagSeguro e cart\u00f5es de cr\u00e9dito.<\/p>\n<p>O PayPal \u00e9 uma maneira mais segura e f\u00e1cil de enviar e receber dinheiro online. Ao selecionar o PayPal como m\u00e9todo de pagamento, voc\u00ea ser\u00e1 vinculado ao site do PayPal, onde poder\u00e1 efetuar o pagamento.<\/p>\n<p>O PayPal pode ser usado para comprar itens com cart\u00e3o de cr\u00e9dito (Visa, MasterCard, Discover e American Express), cart\u00e3o de d\u00e9bito ou cheque eletr\u00f4nico (por exemplo, usando sua conta banc\u00e1ria normal).<\/p>\n<p>1) Depois de visualizar seus itens na p\u00e1gina do seu carrinho de compras, voc\u00ea pode clicar e efetuar check-out com o PayPal. Ent\u00e3o voc\u00ea sair\u00e1 do site e entrar\u00e1 no site do PayPal.<br \/>\n\t2) Voc\u00ea pode entrar na sua conta do PayPal ou criar uma nova se n\u00e3o tiver uma.<br \/>\n\t3) Voc\u00ea pode usar o PayPal como desejar, de acordo com as instru\u00e7\u00f5es na tela.<\/p>\n<p>Normalmente, o cheque eletr\u00f4nico do PayPal leva de tr\u00eas a cinco dias \u00fateis para ser confirmado pelo PayPal.<\/p>\n<p>Os motivos pelos quais sugerimos que voc\u00ea use o PayPal:<br \/>\n\tO pagamento \u00e9 rastre\u00e1vel. Usando sua conta do PayPal, voc\u00ea pode rastrear o status do seu pagamento.<br \/>\n\tAo efetuar o pagamento do seu pedido, n\u00e3o \u00e9 necess\u00e1rio usar o cart\u00e3o de cr\u00e9dito on-line (voc\u00ea pode transferir diretamente da sua conta banc\u00e1ria). Quando voc\u00ea usa seu cart\u00e3o de cr\u00e9dito atrav\u00e9s do PayPal, ningu\u00e9m ver\u00e1 o n\u00famero do seu cart\u00e3o de cr\u00e9dito, o que minimizar\u00e1 o risco de uso n\u00e3o autorizado.<\/p>\n<p>The store may also accept credit cards for the payment.    In order to accept credit card payments, the store complies with the industry security standards established by the major credit card companies (American Express, Discover, JCB, MasterCard, and Visa) to protect the buyers from cardholder information theft.<\/p>\n<p>All credit card information is kept to a minimum. The storage and retention of any credit card information is limited to what is required for business operations only.    Access to credit card information is strictly limited to those employees who are authorized and trained to use it for the business purposes.<\/p>\n","protected":false},"excerpt":{"rendered":"<p>Os m\u00e9todos de pagamento incluem PayPal, PagSeguro e cart\u00f5es de cr\u00e9dito. O PayPal \u00e9 uma maneira mais segura e f\u00e1cil de enviar e receber dinheiro online. Ao selecionar o PayPal como m\u00e9todo de pagamento, voc\u00ea ser\u00e1 vinculado ao site do PayPal, onde poder\u00e1 efetuar o pagamento. O PayPal pode ser&#8230;<\/p>\n","protected":false},"author":1,"featured_media":0,"parent":0,"menu_order":0,"comment_status":"closed","ping_status":"closed","template":"","meta":[],"yoast_head":"<!-- This site is optimized with the Yoast SEO plugin v18.4.1 - https:\/\/yoast.com\/wordpress\/plugins\/seo\/ -->\n<title>M\u00e9todos de Pagamento - Unicorn Wave Portugal<\/title>\n<meta name=\"description\" content=\"Os m\u00e9todos de pagamento incluem PayPal, PagSeguro e cart\u00f5es de cr\u00e9dito. O PayPal \u00e9 uma maneira mais segura e f\u00e1cil de enviar e receber dinheiro online. Ao\" \/>\n<meta name=\"robots\" content=\"index, follow, max-snippet:-1, max-image-preview:large, max-video-preview:-1\" \/>\n<link rel=\"canonical\" href=\"https:\/\/unicornwave.com\/pt\/payment-methods\/\" \/>\n<meta property=\"og:locale\" content=\"pt_BR\" \/>\n<meta property=\"og:type\" content=\"article\" \/>\n<meta property=\"og:title\" content=\"M\u00e9todos de Pagamento - Unicorn Wave Portugal\" \/>\n<meta property=\"og:description\" content=\"Os m\u00e9todos de pagamento incluem PayPal, PagSeguro e cart\u00f5es de cr\u00e9dito. O PayPal \u00e9 uma maneira mais segura e f\u00e1cil de enviar e receber dinheiro online. Ao\" \/>\n<meta property=\"og:url\" content=\"https:\/\/unicornwave.com\/pt\/payment-methods\/\" \/>\n<meta property=\"og:site_name\" content=\"Unicorn Wave Portugal\" \/>\n<meta name=\"twitter:card\" content=\"summary_large_image\" \/>\n<meta name=\"twitter:label1\" content=\"Est. tempo de leitura\" \/>\n\t<meta name=\"twitter:data1\" content=\"2 minutos\" \/>\n<script type=\"application\/ld+json\" class=\"yoast-schema-graph\">{\"@context\":\"https:\/\/schema.org\",\"@graph\":[{\"@type\":\"Organization\",\"@id\":\"https:\/\/unicornwave.com\/pt\/#organization\",\"name\":\"Unicorn Wave Deutschland\",\"url\":\"https:\/\/unicornwave.com\/pt\/\",\"sameAs\":[],\"logo\":{\"@type\":\"ImageObject\",\"@id\":\"https:\/\/unicornwave.com\/pt\/#logo\",\"inLanguage\":\"pt-BR\",\"url\":\"https:\/\/unicornwave.com\/pt\/wp-content\/uploads\/2020\/04\/Asset-21.png\",\"contentUrl\":\"https:\/\/unicornwave.com\/pt\/wp-content\/uploads\/2020\/04\/Asset-21.png\",\"width\":264,\"height\":65,\"caption\":\"Unicorn Wave Deutschland\"},\"image\":{\"@id\":\"https:\/\/unicornwave.com\/pt\/#logo\"}},{\"@type\":\"WebSite\",\"@id\":\"https:\/\/unicornwave.com\/pt\/#website\",\"url\":\"https:\/\/unicornwave.com\/pt\/\",\"name\":\"Unicorn Wave Portugal\",\"description\":\"\",\"publisher\":{\"@id\":\"https:\/\/unicornwave.com\/pt\/#organization\"},\"potentialAction\":[{\"@type\":\"SearchAction\",\"target\":{\"@type\":\"EntryPoint\",\"urlTemplate\":\"https:\/\/unicornwave.com\/pt\/?s={search_term_string}\"},\"query-input\":\"required name=search_term_string\"}],\"inLanguage\":\"pt-BR\"},{\"@type\":\"WebPage\",\"@id\":\"https:\/\/unicornwave.com\/pt\/payment-methods\/#webpage\",\"url\":\"https:\/\/unicornwave.com\/pt\/payment-methods\/\",\"name\":\"M\u00e9todos de Pagamento - Unicorn Wave Portugal\",\"isPartOf\":{\"@id\":\"https:\/\/unicornwave.com\/pt\/#website\"},\"datePublished\":\"2020-07-02T02:40:45+00:00\",\"dateModified\":\"2020-07-02T02:40:45+00:00\",\"description\":\"Os m\u00e9todos de pagamento incluem PayPal, PagSeguro e cart\u00f5es de cr\u00e9dito. O PayPal \u00e9 uma maneira mais segura e f\u00e1cil de enviar e receber dinheiro online. Ao\",\"breadcrumb\":{\"@id\":\"https:\/\/unicornwave.com\/pt\/payment-methods\/#breadcrumb\"},\"inLanguage\":\"pt-BR\",\"potentialAction\":[{\"@type\":\"ReadAction\",\"target\":[\"https:\/\/unicornwave.com\/pt\/payment-methods\/\"]}]},{\"@type\":\"BreadcrumbList\",\"@id\":\"https:\/\/unicornwave.com\/pt\/payment-methods\/#breadcrumb\",\"itemListElement\":[{\"@type\":\"ListItem\",\"position\":1,\"name\":\"Home\",\"item\":\"https:\/\/unicornwave.com\/pt\/\"},{\"@type\":\"ListItem\",\"position\":2,\"name\":\"M\u00e9todos de Pagamento\"}]}]}<\/script>\n<!-- \/ Yoast SEO plugin. -->","yoast_head_json":{"title":"M\u00e9todos de Pagamento - Unicorn Wave Portugal","description":"Os m\u00e9todos de pagamento incluem PayPal, PagSeguro e cart\u00f5es de cr\u00e9dito. O PayPal \u00e9 uma maneira mais segura e f\u00e1cil de enviar e receber dinheiro online. Ao","robots":{"index":"index","follow":"follow","max-snippet":"max-snippet:-1","max-image-preview":"max-image-preview:large","max-video-preview":"max-video-preview:-1"},"canonical":"https:\/\/unicornwave.com\/pt\/payment-methods\/","og_locale":"pt_BR","og_type":"article","og_title":"M\u00e9todos de Pagamento - Unicorn Wave Portugal","og_description":"Os m\u00e9todos de pagamento incluem PayPal, PagSeguro e cart\u00f5es de cr\u00e9dito. O PayPal \u00e9 uma maneira mais segura e f\u00e1cil de enviar e receber dinheiro online. Ao","og_url":"https:\/\/unicornwave.com\/pt\/payment-methods\/","og_site_name":"Unicorn Wave Portugal","twitter_card":"summary_large_image","twitter_misc":{"Est. tempo de leitura":"2 minutos"},"schema":{"@context":"https:\/\/schema.org","@graph":[{"@type":"Organization","@id":"https:\/\/unicornwave.com\/pt\/#organization","name":"Unicorn Wave Deutschland","url":"https:\/\/unicornwave.com\/pt\/","sameAs":[],"logo":{"@type":"ImageObject","@id":"https:\/\/unicornwave.com\/pt\/#logo","inLanguage":"pt-BR","url":"https:\/\/unicornwave.com\/pt\/wp-content\/uploads\/2020\/04\/Asset-21.png","contentUrl":"https:\/\/unicornwave.com\/pt\/wp-content\/uploads\/2020\/04\/Asset-21.png","width":264,"height":65,"caption":"Unicorn Wave Deutschland"},"image":{"@id":"https:\/\/unicornwave.com\/pt\/#logo"}},{"@type":"WebSite","@id":"https:\/\/unicornwave.com\/pt\/#website","url":"https:\/\/unicornwave.com\/pt\/","name":"Unicorn Wave Portugal","description":"","publisher":{"@id":"https:\/\/unicornwave.com\/pt\/#organization"},"potentialAction":[{"@type":"SearchAction","target":{"@type":"EntryPoint","urlTemplate":"https:\/\/unicornwave.com\/pt\/?s={search_term_string}"},"query-input":"required name=search_term_string"}],"inLanguage":"pt-BR"},{"@type":"WebPage","@id":"https:\/\/unicornwave.com\/pt\/payment-methods\/#webpage","url":"https:\/\/unicornwave.com\/pt\/payment-methods\/","name":"M\u00e9todos de Pagamento - Unicorn Wave Portugal","isPartOf":{"@id":"https:\/\/unicornwave.com\/pt\/#website"},"datePublished":"2020-07-02T02:40:45+00:00","dateModified":"2020-07-02T02:40:45+00:00","description":"Os m\u00e9todos de pagamento incluem PayPal, PagSeguro e cart\u00f5es de cr\u00e9dito. O PayPal \u00e9 uma maneira mais segura e f\u00e1cil de enviar e receber dinheiro online. Ao","breadcrumb":{"@id":"https:\/\/unicornwave.com\/pt\/payment-methods\/#breadcrumb"},"inLanguage":"pt-BR","potentialAction":[{"@type":"ReadAction","target":["https:\/\/unicornwave.com\/pt\/payment-methods\/"]}]},{"@type":"BreadcrumbList","@id":"https:\/\/unicornwave.com\/pt\/payment-methods\/#breadcrumb","itemListElement":[{"@type":"ListItem","position":1,"name":"Home","item":"https:\/\/unicornwave.com\/pt\/"},{"@type":"ListItem","position":2,"name":"M\u00e9todos de Pagamento"}]}]}},"_links":{"self":[{"href":"https:\/\/unicornwave.com\/pt\/wp-json\/wp\/v2\/pages\/5826"}],"collection":[{"href":"https:\/\/unicornwave.com\/pt\/wp-json\/wp\/v2\/pages"}],"about":[{"href":"https:\/\/unicornwave.com\/pt\/wp-json\/wp\/v2\/types\/page"}],"author":[{"embeddable":true,"href":"https:\/\/unicornwave.com\/pt\/wp-json\/wp\/v2\/users\/1"}],"replies":[{"embeddable":true,"href":"https:\/\/unicornwave.com\/pt\/wp-json\/wp\/v2\/comments?post=5826"}],"version-history":[{"count":0,"href":"https:\/\/unicornwave.com\/pt\/wp-json\/wp\/v2\/pages\/5826\/revisions"}],"wp:attachment":[{"href":"https:\/\/unicornwave.com\/pt\/wp-json\/wp\/v2\/media?parent=5826"}],"curies":[{"name":"wp","href":"https:\/\/api.w.org\/{rel}","templated":true}]}}