{"id":5827,"date":"2020-07-02T02:40:45","date_gmt":"2020-07-02T02:40:45","guid":{"rendered":"https:\/\/unicornwave.com\/pt\/shipping-delivery\/"},"modified":"2020-07-02T02:40:45","modified_gmt":"2020-07-02T02:40:45","slug":"shipping-delivery","status":"publish","type":"page","link":"https:\/\/unicornwave.com\/pt\/shipping-delivery\/","title":{"rendered":"Envio &#038; Entrega"},"content":{"rendered":"<div class=\"shipping-page-content-with-icons\">\n<div class=\"shipping-page-item\">\n<div class=\"shipping-page-item__image\">\n<\/div>\n<div class=\"shipping-page-item__text\">\n<h3>Envios gr\u00e1tis <\/h3>\n<p>Temos o prazer de oferecer aos nossos clientes um \u00f3timo valor e servi\u00e7o. \u00c9 por isso que fornecemos frete gr\u00e1tis de nossos armaz\u00e9ns na China por ePacket ou EMS e nos EUA pelo USPS.<\/p>\n<\/p><\/div>\n<\/p><\/div>\n<div class=\"shipping-page-item\">\n<div class=\"shipping-page-item__image\">\n<\/div>\n<div class=\"shipping-page-item__text\">\n<h3>Transporte para mais de 200 paises<\/h3>\n<p>Estamos orgulhosos de oferecer servi\u00e7os de remessa internacional. No entanto, existem alguns locais para os quais n\u00e3o podemos enviar. Se voc\u00ea for de um desses pa\u00edses, entraremos em contato.<\/p>\n<\/p><\/div>\n<\/p><\/div>\n<div class=\"shipping-page-item\">\n<div class=\"shipping-page-item__image\">\n<\/div>\n<div class=\"shipping-page-item__text\">\n<h3>Alf\u00e2ndega<\/h3>\n<p>N\u00f3s n\u00e3o somos respons\u00e1veis \u200b\u200bpor quaisquer taxas ou impostos uma vez que os itens foram enviados. Ao adquirir nossos produtos, voc\u00ea concorda que um ou mais pacotes lhe sejam enviados e poder\u00e1 receber taxas e impostos quando chegarem ao seu pa\u00eds.<\/p>\n<\/p><\/div>\n<\/p><\/div>\n<div class=\"shipping-page-item\">\n<div class=\"shipping-page-item__image\">\n<\/div>\n<div class=\"shipping-page-item__text\">\n<h3>Prazo de entrega<\/h3>\n<p>O tempo de envio varia de acordo com o local. Estas s\u00e3o as nossas estimativas:<\/p>\n<div class=\"table-responsive\">\n<table class=\"table table-striped\">\n<tr>\n<td>Localiza\u00e7\u00e3o<\/td>\n<td>*Tempo estimado de entrega<\/td>\n<\/tr>\n<tr>\n<td>Estados Unidos<\/td>\n<td>10-20 Dias \u00fateis<\/td>\n<\/tr>\n<tr>\n<td>Canad\u00e1, Europa<\/td>\n<td>10-20 Dias \u00fateis<\/td>\n<\/tr>\n<tr>\n<td>Austr\u00e1lia, Nova Zel\u00e2ndia<\/td>\n<td>10-30 Dias \u00fateis<\/td>\n<\/tr>\n<tr>\n<td>Am\u00e9rica Central e do Sul<\/td>\n<td>15-30 Dias \u00fateis<\/td>\n<\/tr>\n<tr>\n<td>\u00c1sia<\/td>\n<td>10-20 Dias \u00fateis<\/td>\n<\/tr>\n<tr>\n<td>\u00c1frica<\/td>\n<td>15-45 Dias \u00fateis<\/td>\n<\/tr>\n<\/table>\n<div class=\"info-no-italic\">Prazo m\u00e1ximo de entrega &#8211; 45 dias \u00fateis.<\/div>\n<p>                <span class=\"info\">*Isso n\u00e3o inclui o tempo de processamento de 2 a 5 dias.<\/span>\n            <\/div>\n<\/p><\/div>\n<\/p><\/div>\n<div class=\"shipping-page-item\">\n<div class=\"shipping-page-item__image\">\n<\/div>\n<div class=\"shipping-page-item__text\">\n<h3>Informa\u00e7\u00e3o de rastreamento<\/h3>\n<p>Voc\u00ea receber\u00e1 um e-mail com um n\u00famero de rastreamento assim que seu pedido for enviado, mas \u00e0s vezes devido ao frete gr\u00e1tis do pedido, o rastreamento pode n\u00e3o esta dispon\u00edvel. Por motivos log\u00edsticos, os itens da mesma compra podem ser enviados em pacotes separados, mesmo que voc\u00ea tenha especificado o envio combinado.<\/p>\n<p>Se voc\u00ea tiver outras d\u00favidas, entre em contato conosco e faremos o poss\u00edvel para ajud\u00e1-lo.<\/p>\n<\/p><\/div>\n<\/p><\/div>\n<\/div>\n","protected":false},"excerpt":{"rendered":"<p>Envios gr\u00e1tis Temos o prazer de oferecer aos nossos clientes um \u00f3timo valor e servi\u00e7o. \u00c9 por isso que fornecemos frete gr\u00e1tis de nossos armaz\u00e9ns na China por ePacket ou EMS e nos EUA pelo USPS. Transporte para mais de 200 paises Estamos orgulhosos de oferecer servi\u00e7os de remessa internacional&#8230;.<\/p>\n","protected":false},"author":1,"featured_media":0,"parent":0,"menu_order":0,"comment_status":"closed","ping_status":"closed","template":"","meta":[],"yoast_head":"<!-- This site is optimized with the Yoast SEO plugin v18.4.1 - https:\/\/yoast.com\/wordpress\/plugins\/seo\/ -->\n<title>Envio &amp; Entrega - Unicorn Wave Portugal<\/title>\n<meta name=\"description\" content=\"Envios gr\u00e1tis Temos o prazer de oferecer aos nossos clientes um \u00f3timo valor e servi\u00e7o. \u00c9 por isso que fornecemos frete gr\u00e1tis de nossos armaz\u00e9ns na China\" \/>\n<meta name=\"robots\" content=\"index, follow, max-snippet:-1, max-image-preview:large, max-video-preview:-1\" \/>\n<link rel=\"canonical\" href=\"https:\/\/unicornwave.com\/pt\/shipping-delivery\/\" \/>\n<meta property=\"og:locale\" content=\"pt_BR\" \/>\n<meta property=\"og:type\" content=\"article\" \/>\n<meta property=\"og:title\" content=\"Envio &amp; Entrega - Unicorn Wave Portugal\" \/>\n<meta property=\"og:description\" content=\"Envios gr\u00e1tis Temos o prazer de oferecer aos nossos clientes um \u00f3timo valor e servi\u00e7o. \u00c9 por isso que fornecemos frete gr\u00e1tis de nossos armaz\u00e9ns na China\" \/>\n<meta property=\"og:url\" content=\"https:\/\/unicornwave.com\/pt\/shipping-delivery\/\" \/>\n<meta property=\"og:site_name\" content=\"Unicorn Wave Portugal\" \/>\n<meta name=\"twitter:card\" content=\"summary_large_image\" \/>\n<meta name=\"twitter:label1\" content=\"Est. tempo de leitura\" \/>\n\t<meta name=\"twitter:data1\" content=\"1 minuto\" \/>\n<script type=\"application\/ld+json\" class=\"yoast-schema-graph\">{\"@context\":\"https:\/\/schema.org\",\"@graph\":[{\"@type\":\"Organization\",\"@id\":\"https:\/\/unicornwave.com\/pt\/#organization\",\"name\":\"Unicorn Wave Deutschland\",\"url\":\"https:\/\/unicornwave.com\/pt\/\",\"sameAs\":[],\"logo\":{\"@type\":\"ImageObject\",\"@id\":\"https:\/\/unicornwave.com\/pt\/#logo\",\"inLanguage\":\"pt-BR\",\"url\":\"https:\/\/unicornwave.com\/pt\/wp-content\/uploads\/2020\/04\/Asset-21.png\",\"contentUrl\":\"https:\/\/unicornwave.com\/pt\/wp-content\/uploads\/2020\/04\/Asset-21.png\",\"width\":264,\"height\":65,\"caption\":\"Unicorn Wave Deutschland\"},\"image\":{\"@id\":\"https:\/\/unicornwave.com\/pt\/#logo\"}},{\"@type\":\"WebSite\",\"@id\":\"https:\/\/unicornwave.com\/pt\/#website\",\"url\":\"https:\/\/unicornwave.com\/pt\/\",\"name\":\"Unicorn Wave Portugal\",\"description\":\"\",\"publisher\":{\"@id\":\"https:\/\/unicornwave.com\/pt\/#organization\"},\"potentialAction\":[{\"@type\":\"SearchAction\",\"target\":{\"@type\":\"EntryPoint\",\"urlTemplate\":\"https:\/\/unicornwave.com\/pt\/?s={search_term_string}\"},\"query-input\":\"required name=search_term_string\"}],\"inLanguage\":\"pt-BR\"},{\"@type\":\"WebPage\",\"@id\":\"https:\/\/unicornwave.com\/pt\/shipping-delivery\/#webpage\",\"url\":\"https:\/\/unicornwave.com\/pt\/shipping-delivery\/\",\"name\":\"Envio & Entrega - Unicorn Wave Portugal\",\"isPartOf\":{\"@id\":\"https:\/\/unicornwave.com\/pt\/#website\"},\"datePublished\":\"2020-07-02T02:40:45+00:00\",\"dateModified\":\"2020-07-02T02:40:45+00:00\",\"description\":\"Envios gr\u00e1tis Temos o prazer de oferecer aos nossos clientes um \u00f3timo valor e servi\u00e7o. \u00c9 por isso que fornecemos frete gr\u00e1tis de nossos armaz\u00e9ns na China\",\"breadcrumb\":{\"@id\":\"https:\/\/unicornwave.com\/pt\/shipping-delivery\/#breadcrumb\"},\"inLanguage\":\"pt-BR\",\"potentialAction\":[{\"@type\":\"ReadAction\",\"target\":[\"https:\/\/unicornwave.com\/pt\/shipping-delivery\/\"]}]},{\"@type\":\"BreadcrumbList\",\"@id\":\"https:\/\/unicornwave.com\/pt\/shipping-delivery\/#breadcrumb\",\"itemListElement\":[{\"@type\":\"ListItem\",\"position\":1,\"name\":\"Home\",\"item\":\"https:\/\/unicornwave.com\/pt\/\"},{\"@type\":\"ListItem\",\"position\":2,\"name\":\"Envio &#038; Entrega\"}]}]}<\/script>\n<!-- \/ Yoast SEO plugin. -->","yoast_head_json":{"title":"Envio & Entrega - Unicorn Wave Portugal","description":"Envios gr\u00e1tis Temos o prazer de oferecer aos nossos clientes um \u00f3timo valor e servi\u00e7o. \u00c9 por isso que fornecemos frete gr\u00e1tis de nossos armaz\u00e9ns na China","robots":{"index":"index","follow":"follow","max-snippet":"max-snippet:-1","max-image-preview":"max-image-preview:large","max-video-preview":"max-video-preview:-1"},"canonical":"https:\/\/unicornwave.com\/pt\/shipping-delivery\/","og_locale":"pt_BR","og_type":"article","og_title":"Envio & Entrega - Unicorn Wave Portugal","og_description":"Envios gr\u00e1tis Temos o prazer de oferecer aos nossos clientes um \u00f3timo valor e servi\u00e7o. \u00c9 por isso que fornecemos frete gr\u00e1tis de nossos armaz\u00e9ns na China","og_url":"https:\/\/unicornwave.com\/pt\/shipping-delivery\/","og_site_name":"Unicorn Wave Portugal","twitter_card":"summary_large_image","twitter_misc":{"Est. tempo de leitura":"1 minuto"},"schema":{"@context":"https:\/\/schema.org","@graph":[{"@type":"Organization","@id":"https:\/\/unicornwave.com\/pt\/#organization","name":"Unicorn Wave Deutschland","url":"https:\/\/unicornwave.com\/pt\/","sameAs":[],"logo":{"@type":"ImageObject","@id":"https:\/\/unicornwave.com\/pt\/#logo","inLanguage":"pt-BR","url":"https:\/\/unicornwave.com\/pt\/wp-content\/uploads\/2020\/04\/Asset-21.png","contentUrl":"https:\/\/unicornwave.com\/pt\/wp-content\/uploads\/2020\/04\/Asset-21.png","width":264,"height":65,"caption":"Unicorn Wave Deutschland"},"image":{"@id":"https:\/\/unicornwave.com\/pt\/#logo"}},{"@type":"WebSite","@id":"https:\/\/unicornwave.com\/pt\/#website","url":"https:\/\/unicornwave.com\/pt\/","name":"Unicorn Wave Portugal","description":"","publisher":{"@id":"https:\/\/unicornwave.com\/pt\/#organization"},"potentialAction":[{"@type":"SearchAction","target":{"@type":"EntryPoint","urlTemplate":"https:\/\/unicornwave.com\/pt\/?s={search_term_string}"},"query-input":"required name=search_term_string"}],"inLanguage":"pt-BR"},{"@type":"WebPage","@id":"https:\/\/unicornwave.com\/pt\/shipping-delivery\/#webpage","url":"https:\/\/unicornwave.com\/pt\/shipping-delivery\/","name":"Envio & Entrega - Unicorn Wave Portugal","isPartOf":{"@id":"https:\/\/unicornwave.com\/pt\/#website"},"datePublished":"2020-07-02T02:40:45+00:00","dateModified":"2020-07-02T02:40:45+00:00","description":"Envios gr\u00e1tis Temos o prazer de oferecer aos nossos clientes um \u00f3timo valor e servi\u00e7o. \u00c9 por isso que fornecemos frete gr\u00e1tis de nossos armaz\u00e9ns na China","breadcrumb":{"@id":"https:\/\/unicornwave.com\/pt\/shipping-delivery\/#breadcrumb"},"inLanguage":"pt-BR","potentialAction":[{"@type":"ReadAction","target":["https:\/\/unicornwave.com\/pt\/shipping-delivery\/"]}]},{"@type":"BreadcrumbList","@id":"https:\/\/unicornwave.com\/pt\/shipping-delivery\/#breadcrumb","itemListElement":[{"@type":"ListItem","position":1,"name":"Home","item":"https:\/\/unicornwave.com\/pt\/"},{"@type":"ListItem","position":2,"name":"Envio &#038; Entrega"}]}]}},"_links":{"self":[{"href":"https:\/\/unicornwave.com\/pt\/wp-json\/wp\/v2\/pages\/5827"}],"collection":[{"href":"https:\/\/unicornwave.com\/pt\/wp-json\/wp\/v2\/pages"}],"about":[{"href":"https:\/\/unicornwave.com\/pt\/wp-json\/wp\/v2\/types\/page"}],"author":[{"embeddable":true,"href":"https:\/\/unicornwave.com\/pt\/wp-json\/wp\/v2\/users\/1"}],"replies":[{"embeddable":true,"href":"https:\/\/unicornwave.com\/pt\/wp-json\/wp\/v2\/comments?post=5827"}],"version-history":[{"count":0,"href":"https:\/\/unicornwave.com\/pt\/wp-json\/wp\/v2\/pages\/5827\/revisions"}],"wp:attachment":[{"href":"https:\/\/unicornwave.com\/pt\/wp-json\/wp\/v2\/media?parent=5827"}],"curies":[{"name":"wp","href":"https:\/\/api.w.org\/{rel}","templated":true}]}}