{"id":5830,"date":"2020-07-02T02:40:46","date_gmt":"2020-07-02T02:40:46","guid":{"rendered":"https:\/\/unicornwave.com\/pt\/privacy-policy\/"},"modified":"2020-07-03T10:54:30","modified_gmt":"2020-07-03T10:54:30","slug":"privacy-policy","status":"publish","type":"page","link":"https:\/\/unicornwave.com\/pt\/privacy-policy\/","title":{"rendered":"Pol\u00edticas de Privacidade"},"content":{"rendered":"<p>Esse site \u00e9 compat\u00edvel com o Regulamento Geral de Prote\u00e7\u00e3o de Dados (GDPR) (UE) 2016\/679.<\/p>\n<p>Isso significa que somos abertos sobre nossos m\u00e9todos de rastreamento e uso dos dados pessoais dos visitantes e voc\u00ea pode verificar livremente o que exatamente estamos fazendo.<\/p>\n<p>N\u00f3s coletamos:<\/p>\n<ul>\n<li>Seu nome e sobrenome<\/li>\n<li>Seu endere\u00e7o de email<\/li>\n<li>Seu endere\u00e7o f\u00edsico<\/li>\n<li>Seu n\u00famero de telefone<\/li>\n<li>Os dados sobre o navegador e o dispositivo que voc\u00ea usa para visualizar a loja<\/li>\n<li>A maneira como voc\u00ea navega na loja<\/li>\n<\/ul>\n<p>Reunimos seus detalhes de contato porque s\u00e3o necess\u00e1rios para aceitar e processar seus pedidos e para garantir que voc\u00ea tenha seus pacotes.<\/p>\n<p>Reunimos os detalhes de seu equipamento t\u00e9cnico e o comportamento no local para tornar nossa loja mais amig\u00e1vel e personalizar nossos servi\u00e7os para voc\u00ea (por exemplo, para mudar automaticamente a loja para a vers\u00e3o m\u00f3vel).<\/p>\n<p>Nossa loja trabalha com empresas externas que nos ajudam a fornecer o melhor servi\u00e7o para voc\u00ea, e esses terceiros tamb\u00e9m usam alguns dos detalhes pessoais dos quais voc\u00ea est\u00e1 saindo. Limitamos os dados que eles podem acessar apenas ao necess\u00e1rio para cumprir suas obriga\u00e7\u00f5es<\/p>\n<ul>\n<li>Os servi\u00e7os de pagamento usam seu n\u00famero de cart\u00e3o de cr\u00e9dito, seu nome e sobrenome para verificar e processar seus pagamentos por nossos produtos<\/li>\n<li>Nossos fabricantes e detentores de estoque usam os dados do conte\u00fado do seu pedido para montar o pacote necess\u00e1rio para voc\u00ea<\/li>\n<li>Os servi\u00e7os postais usam seu nome, sobrenome, CPF e endere\u00e7o f\u00edsico para organizar a entrega do produto.<\/li>\n<li>Os servi\u00e7os de correio em massa usam seu endere\u00e7o de e-mail para enviar e-mails (se voc\u00ea os assinou)<\/li>\n<\/ul>\n<p>Se voc\u00ea continuar navegando em nossa loja virtual depois de ler esta Pol\u00edtica de Privacidade, nos dar\u00e1 o consentimento para usar seus dados pessoais para os fins explicados acima.<\/p>\n<p>Se voc\u00ea n\u00e3o concordar com estes termos, deixe o site.<\/p>\n<p>Voc\u00ea pode enviar um email para support@unicornwave.com e pergunta:<\/p>\n<ul>\n<li>Para receber a c\u00f3pia de seus dados pessoais, coletamos<\/li>\n<li>Para excluir seus dados pessoais do nosso sistema<\/li>\n<li>Para retirar seu consentimento (se voc\u00ea concordou anteriormente em nos fornecer os dados, mas mudou de id\u00e9ia)<\/li>\n<\/ul>\n<p>Estamos fazendo o poss\u00edvel para garantir a seguran\u00e7a dos seus dados pessoais, mantendo-os e utilizando-os.<\/p>\n<p>Obrigado pela sua colabora\u00e7\u00e3o!<\/p>\n","protected":false},"excerpt":{"rendered":"<p>Esse site \u00e9 compat\u00edvel com o Regulamento Geral de Prote\u00e7\u00e3o de Dados (GDPR) (UE) 2016\/679. Isso significa que somos abertos sobre nossos m\u00e9todos de rastreamento e uso dos dados pessoais dos visitantes e voc\u00ea pode verificar livremente o que exatamente estamos fazendo. N\u00f3s coletamos: Seu nome e sobrenome Seu endere\u00e7o&#8230;<\/p>\n","protected":false},"author":1,"featured_media":0,"parent":0,"menu_order":0,"comment_status":"closed","ping_status":"closed","template":"","meta":[],"yoast_head":"<!-- This site is optimized with the Yoast SEO plugin v18.4.1 - https:\/\/yoast.com\/wordpress\/plugins\/seo\/ -->\n<title>Pol\u00edticas de Privacidade - Unicorn Wave Portugal<\/title>\n<meta name=\"description\" content=\"Esse site \u00e9 compat\u00edvel com o Regulamento Geral de Prote\u00e7\u00e3o de Dados (GDPR) (UE) 2016\/679. Isso significa que somos abertos sobre nossos m\u00e9todos de\" \/>\n<meta name=\"robots\" content=\"index, follow, max-snippet:-1, max-image-preview:large, max-video-preview:-1\" \/>\n<link rel=\"canonical\" href=\"https:\/\/unicornwave.com\/pt\/privacy-policy\/\" \/>\n<meta property=\"og:locale\" content=\"pt_BR\" \/>\n<meta property=\"og:type\" content=\"article\" \/>\n<meta property=\"og:title\" content=\"Pol\u00edticas de Privacidade - Unicorn Wave Portugal\" \/>\n<meta property=\"og:description\" content=\"Esse site \u00e9 compat\u00edvel com o Regulamento Geral de Prote\u00e7\u00e3o de Dados (GDPR) (UE) 2016\/679. Isso significa que somos abertos sobre nossos m\u00e9todos de\" \/>\n<meta property=\"og:url\" content=\"https:\/\/unicornwave.com\/pt\/privacy-policy\/\" \/>\n<meta property=\"og:site_name\" content=\"Unicorn Wave Portugal\" \/>\n<meta property=\"article:modified_time\" content=\"2020-07-03T10:54:30+00:00\" \/>\n<meta name=\"twitter:card\" content=\"summary_large_image\" \/>\n<meta name=\"twitter:label1\" content=\"Est. tempo de leitura\" \/>\n\t<meta name=\"twitter:data1\" content=\"2 minutos\" \/>\n<script type=\"application\/ld+json\" class=\"yoast-schema-graph\">{\"@context\":\"https:\/\/schema.org\",\"@graph\":[{\"@type\":\"Organization\",\"@id\":\"https:\/\/unicornwave.com\/pt\/#organization\",\"name\":\"Unicorn Wave Deutschland\",\"url\":\"https:\/\/unicornwave.com\/pt\/\",\"sameAs\":[],\"logo\":{\"@type\":\"ImageObject\",\"@id\":\"https:\/\/unicornwave.com\/pt\/#logo\",\"inLanguage\":\"pt-BR\",\"url\":\"https:\/\/unicornwave.com\/pt\/wp-content\/uploads\/2020\/04\/Asset-21.png\",\"contentUrl\":\"https:\/\/unicornwave.com\/pt\/wp-content\/uploads\/2020\/04\/Asset-21.png\",\"width\":264,\"height\":65,\"caption\":\"Unicorn Wave Deutschland\"},\"image\":{\"@id\":\"https:\/\/unicornwave.com\/pt\/#logo\"}},{\"@type\":\"WebSite\",\"@id\":\"https:\/\/unicornwave.com\/pt\/#website\",\"url\":\"https:\/\/unicornwave.com\/pt\/\",\"name\":\"Unicorn Wave Portugal\",\"description\":\"\",\"publisher\":{\"@id\":\"https:\/\/unicornwave.com\/pt\/#organization\"},\"potentialAction\":[{\"@type\":\"SearchAction\",\"target\":{\"@type\":\"EntryPoint\",\"urlTemplate\":\"https:\/\/unicornwave.com\/pt\/?s={search_term_string}\"},\"query-input\":\"required name=search_term_string\"}],\"inLanguage\":\"pt-BR\"},{\"@type\":\"WebPage\",\"@id\":\"https:\/\/unicornwave.com\/pt\/privacy-policy\/#webpage\",\"url\":\"https:\/\/unicornwave.com\/pt\/privacy-policy\/\",\"name\":\"Pol\u00edticas de Privacidade - Unicorn Wave Portugal\",\"isPartOf\":{\"@id\":\"https:\/\/unicornwave.com\/pt\/#website\"},\"datePublished\":\"2020-07-02T02:40:46+00:00\",\"dateModified\":\"2020-07-03T10:54:30+00:00\",\"description\":\"Esse site \u00e9 compat\u00edvel com o Regulamento Geral de Prote\u00e7\u00e3o de Dados (GDPR) (UE) 2016\/679. Isso significa que somos abertos sobre nossos m\u00e9todos de\",\"breadcrumb\":{\"@id\":\"https:\/\/unicornwave.com\/pt\/privacy-policy\/#breadcrumb\"},\"inLanguage\":\"pt-BR\",\"potentialAction\":[{\"@type\":\"ReadAction\",\"target\":[\"https:\/\/unicornwave.com\/pt\/privacy-policy\/\"]}]},{\"@type\":\"BreadcrumbList\",\"@id\":\"https:\/\/unicornwave.com\/pt\/privacy-policy\/#breadcrumb\",\"itemListElement\":[{\"@type\":\"ListItem\",\"position\":1,\"name\":\"Home\",\"item\":\"https:\/\/unicornwave.com\/pt\/\"},{\"@type\":\"ListItem\",\"position\":2,\"name\":\"Pol\u00edticas de Privacidade\"}]}]}<\/script>\n<!-- \/ Yoast SEO plugin. -->","yoast_head_json":{"title":"Pol\u00edticas de Privacidade - Unicorn Wave Portugal","description":"Esse site \u00e9 compat\u00edvel com o Regulamento Geral de Prote\u00e7\u00e3o de Dados (GDPR) (UE) 2016\/679. Isso significa que somos abertos sobre nossos m\u00e9todos de","robots":{"index":"index","follow":"follow","max-snippet":"max-snippet:-1","max-image-preview":"max-image-preview:large","max-video-preview":"max-video-preview:-1"},"canonical":"https:\/\/unicornwave.com\/pt\/privacy-policy\/","og_locale":"pt_BR","og_type":"article","og_title":"Pol\u00edticas de Privacidade - Unicorn Wave Portugal","og_description":"Esse site \u00e9 compat\u00edvel com o Regulamento Geral de Prote\u00e7\u00e3o de Dados (GDPR) (UE) 2016\/679. Isso significa que somos abertos sobre nossos m\u00e9todos de","og_url":"https:\/\/unicornwave.com\/pt\/privacy-policy\/","og_site_name":"Unicorn Wave Portugal","article_modified_time":"2020-07-03T10:54:30+00:00","twitter_card":"summary_large_image","twitter_misc":{"Est. tempo de leitura":"2 minutos"},"schema":{"@context":"https:\/\/schema.org","@graph":[{"@type":"Organization","@id":"https:\/\/unicornwave.com\/pt\/#organization","name":"Unicorn Wave Deutschland","url":"https:\/\/unicornwave.com\/pt\/","sameAs":[],"logo":{"@type":"ImageObject","@id":"https:\/\/unicornwave.com\/pt\/#logo","inLanguage":"pt-BR","url":"https:\/\/unicornwave.com\/pt\/wp-content\/uploads\/2020\/04\/Asset-21.png","contentUrl":"https:\/\/unicornwave.com\/pt\/wp-content\/uploads\/2020\/04\/Asset-21.png","width":264,"height":65,"caption":"Unicorn Wave Deutschland"},"image":{"@id":"https:\/\/unicornwave.com\/pt\/#logo"}},{"@type":"WebSite","@id":"https:\/\/unicornwave.com\/pt\/#website","url":"https:\/\/unicornwave.com\/pt\/","name":"Unicorn Wave Portugal","description":"","publisher":{"@id":"https:\/\/unicornwave.com\/pt\/#organization"},"potentialAction":[{"@type":"SearchAction","target":{"@type":"EntryPoint","urlTemplate":"https:\/\/unicornwave.com\/pt\/?s={search_term_string}"},"query-input":"required name=search_term_string"}],"inLanguage":"pt-BR"},{"@type":"WebPage","@id":"https:\/\/unicornwave.com\/pt\/privacy-policy\/#webpage","url":"https:\/\/unicornwave.com\/pt\/privacy-policy\/","name":"Pol\u00edticas de Privacidade - Unicorn Wave Portugal","isPartOf":{"@id":"https:\/\/unicornwave.com\/pt\/#website"},"datePublished":"2020-07-02T02:40:46+00:00","dateModified":"2020-07-03T10:54:30+00:00","description":"Esse site \u00e9 compat\u00edvel com o Regulamento Geral de Prote\u00e7\u00e3o de Dados (GDPR) (UE) 2016\/679. Isso significa que somos abertos sobre nossos m\u00e9todos de","breadcrumb":{"@id":"https:\/\/unicornwave.com\/pt\/privacy-policy\/#breadcrumb"},"inLanguage":"pt-BR","potentialAction":[{"@type":"ReadAction","target":["https:\/\/unicornwave.com\/pt\/privacy-policy\/"]}]},{"@type":"BreadcrumbList","@id":"https:\/\/unicornwave.com\/pt\/privacy-policy\/#breadcrumb","itemListElement":[{"@type":"ListItem","position":1,"name":"Home","item":"https:\/\/unicornwave.com\/pt\/"},{"@type":"ListItem","position":2,"name":"Pol\u00edticas de Privacidade"}]}]}},"_links":{"self":[{"href":"https:\/\/unicornwave.com\/pt\/wp-json\/wp\/v2\/pages\/5830"}],"collection":[{"href":"https:\/\/unicornwave.com\/pt\/wp-json\/wp\/v2\/pages"}],"about":[{"href":"https:\/\/unicornwave.com\/pt\/wp-json\/wp\/v2\/types\/page"}],"author":[{"embeddable":true,"href":"https:\/\/unicornwave.com\/pt\/wp-json\/wp\/v2\/users\/1"}],"replies":[{"embeddable":true,"href":"https:\/\/unicornwave.com\/pt\/wp-json\/wp\/v2\/comments?post=5830"}],"version-history":[{"count":1,"href":"https:\/\/unicornwave.com\/pt\/wp-json\/wp\/v2\/pages\/5830\/revisions"}],"predecessor-version":[{"id":5855,"href":"https:\/\/unicornwave.com\/pt\/wp-json\/wp\/v2\/pages\/5830\/revisions\/5855"}],"wp:attachment":[{"href":"https:\/\/unicornwave.com\/pt\/wp-json\/wp\/v2\/media?parent=5830"}],"curies":[{"name":"wp","href":"https:\/\/api.w.org\/{rel}","templated":true}]}}