{"id":5831,"date":"2020-07-02T02:40:46","date_gmt":"2020-07-02T02:40:46","guid":{"rendered":"https:\/\/unicornwave.com\/pt\/terms-and-conditions\/"},"modified":"2020-07-02T02:40:46","modified_gmt":"2020-07-02T02:40:46","slug":"terms-and-conditions","status":"publish","type":"page","link":"https:\/\/unicornwave.com\/pt\/terms-and-conditions\/","title":{"rendered":"Termos e Condi\u00e7\u00f5es"},"content":{"rendered":"<p>Fornecemos servi\u00e7os a voc\u00ea, sujeitos aos avisos, termos e condi\u00e7\u00f5es estabelecidos neste contrato. Al\u00e9m disso, voc\u00ea deve obedecer \u00e0s regras, diretrizes, pol\u00edticas, termos e condi\u00e7\u00f5es aplic\u00e1veis \u200b\u200ba esses servi\u00e7os antes de us\u00e1-los. Reservamo-nos o direito de alterar este site e estes termos e condi\u00e7\u00f5es a qualquer momento.<\/p>\n<p>Antes de prosseguir, leia este contrato, porque acessar, navegar ou usar o Site indica o seu acordo com todos os termos e condi\u00e7\u00f5es deste contrato<\/p>\n<p>Voc\u00ea n\u00e3o deve enviar, distribuir ou publicar neste Site qualquer Conte\u00fado, informa\u00e7\u00e3o ou outro material que (a) inclua bugs, v\u00edrus, worms, al\u00e7ap\u00f5es, cavalos de Tr\u00f3ia ou outros c\u00f3digos ou propriedades nocivos; (b) seja difamat\u00f3rio, amea\u00e7ador, difamat\u00f3rio, obsceno, indecente, pornogr\u00e1fico, discriminat\u00f3rio ou possa dar origem a qualquer responsabilidade civil ou criminal de acordo com as leis dos EUA ou de qualquer outro pa\u00eds que se aplique; ou (c) viole ou infrinja os direitos autorais, patentes, marcas comerciais, marcas de servi\u00e7o, segredos comerciais ou outros direitos de propriedade de qualquer pessoa.\t&nbsp;<a href=\"https:\/\/unicornwave.com\/pt\">unicornwave.com<\/a>&nbsp;pode fornecer uma identifica\u00e7\u00e3o e senha da conta para permitir o acesso e o uso de certas partes deste site. Cada vez que voc\u00ea usa uma senha ou identifica\u00e7\u00e3o, considera-se que est\u00e1 autorizado a acessar e usar o Site de maneira consistente com os termos e condi\u00e7\u00f5es deste contrato, e\t&nbsp;<a href=\"https:\/\/unicornwave.com\/pt\">unicornwave.com<\/a>&nbsp;n\u00e3o tem obriga\u00e7\u00e3o de investigar a fonte de qualquer acesso ou uso do Site.<\/p>\n<p>Ao aceitar estes Termos de Uso atrav\u00e9s do uso do Site, voc\u00ea certifica que tem 18 anos de idade ou mais. Se voc\u00ea tem menos de 18 anos, use este Site apenas sob a supervis\u00e3o de um dos pais ou respons\u00e1vel legal. Sujeito aos termos e condi\u00e7\u00f5es deste contrato, concede a voc\u00ea uma licen\u00e7a limitada, revog\u00e1vel, intransfer\u00edvel e n\u00e3o exclusiva para acessar e usar o Site, exibindo-o em seu navegador da Internet apenas para fins de compras e n\u00e3o para qualquer uso comercial ou uso em nome de terceiros, exceto conforme explicitamente permitido por\t&nbsp;<a href=\"https:\/\/unicornwave.com\/pt\">unicornwave.com<\/a>&nbsp;antecipadamente. Qualquer viola\u00e7\u00e3o deste Contrato resultar\u00e1 na revoga\u00e7\u00e3o imediata da licen\u00e7a concedida neste par\u00e1grafo sem aviso pr\u00e9vio.<\/p>\n<p>A menos que seja explicitamente permitido por nossa empresa com anteced\u00eancia, todos os materiais, incluindo imagens, texto, ilustra\u00e7\u00f5es, desenhos, \u00edcones, fotografias, programas, clipes ou downloads de m\u00fasicas, videoclipes e materiais escritos e outros que fazem parte deste Site (coletivamente, o &#8221; Conte\u00fado \u201d) destinam-se exclusivamente a uso pessoal e n\u00e3o comercial. Voc\u00ea n\u00e3o pode fazer uso comercial de nenhuma das informa\u00e7\u00f5es fornecidas no Site ou fazer uso do Site em benef\u00edcio de outra empresa. Reservamo-nos o direito de recusar servi\u00e7o, encerrar contas e \/ ou cancelar pedidos a seu crit\u00e9rio, incluindo, sem limita\u00e7\u00e3o, se acreditarmos que a conduta do cliente viola as leis aplic\u00e1veis \u200b\u200bou \u00e9 prejudicial aos nossos interesses. Voc\u00ea n\u00e3o pode reproduzir, distribuir, exibir, vender, alugar, transmitir, criar trabalhos derivados, traduzir, modificar, fazer engenharia reversa, desmontar, descompilar,<\/p>\n<p>Voc\u00ea ser\u00e1 o \u00fanico respons\u00e1vel por todo o acesso e uso deste site por qualquer pessoa que use a senha e a identifica\u00e7\u00e3o originalmente atribu\u00eddas a voc\u00ea, se esse acesso ou uso deste site \u00e9 realmente autorizado por voc\u00ea, incluindo, sem limita\u00e7\u00e3o, todas as comunica\u00e7\u00f5es e transmiss\u00f5es e todas as obriga\u00e7\u00f5es (incluindo, sem limita\u00e7\u00e3o, as obriga\u00e7\u00f5es financeiras) incorridas por esse acesso ou uso. Voc\u00ea \u00e9 o \u00fanico respons\u00e1vel por proteger a seguran\u00e7a e a confidencialidade da senha e identifica\u00e7\u00e3o atribu\u00eddas a voc\u00ea. Voc\u00ea deve notificar imediatamente\t&nbsp;<a href=\"https:\/\/unicornwave.com\/pt\">unicornwave.com<\/a>&nbsp;de qualquer uso n\u00e3o autorizado de sua senha ou identifica\u00e7\u00e3o ou qualquer outra viola\u00e7\u00e3o ou amea\u00e7a de viola\u00e7\u00e3o da seguran\u00e7a deste Site.<\/p>\n","protected":false},"excerpt":{"rendered":"<p>Fornecemos servi\u00e7os a voc\u00ea, sujeitos aos avisos, termos e condi\u00e7\u00f5es estabelecidos neste contrato. Al\u00e9m disso, voc\u00ea deve obedecer \u00e0s regras, diretrizes, pol\u00edticas, termos e condi\u00e7\u00f5es aplic\u00e1veis \u200b\u200ba esses servi\u00e7os antes de us\u00e1-los. Reservamo-nos o direito de alterar este site e estes termos e condi\u00e7\u00f5es a qualquer momento. Antes de prosseguir,&#8230;<\/p>\n","protected":false},"author":1,"featured_media":0,"parent":0,"menu_order":0,"comment_status":"closed","ping_status":"closed","template":"","meta":[],"yoast_head":"<!-- This site is optimized with the Yoast SEO plugin v18.4.1 - https:\/\/yoast.com\/wordpress\/plugins\/seo\/ -->\n<title>Termos e Condi\u00e7\u00f5es - Unicorn Wave Portugal<\/title>\n<meta name=\"description\" content=\"Fornecemos servi\u00e7os a voc\u00ea, sujeitos aos avisos, termos e condi\u00e7\u00f5es estabelecidos neste contrato. Al\u00e9m disso, voc\u00ea deve obedecer \u00e0s regras, diretrizes,\" \/>\n<meta name=\"robots\" content=\"index, follow, max-snippet:-1, max-image-preview:large, max-video-preview:-1\" \/>\n<link rel=\"canonical\" href=\"https:\/\/unicornwave.com\/pt\/terms-and-conditions\/\" \/>\n<meta property=\"og:locale\" content=\"pt_BR\" \/>\n<meta property=\"og:type\" content=\"article\" \/>\n<meta property=\"og:title\" content=\"Termos e Condi\u00e7\u00f5es - Unicorn Wave Portugal\" \/>\n<meta property=\"og:description\" content=\"Fornecemos servi\u00e7os a voc\u00ea, sujeitos aos avisos, termos e condi\u00e7\u00f5es estabelecidos neste contrato. Al\u00e9m disso, voc\u00ea deve obedecer \u00e0s regras, diretrizes,\" \/>\n<meta property=\"og:url\" content=\"https:\/\/unicornwave.com\/pt\/terms-and-conditions\/\" \/>\n<meta property=\"og:site_name\" content=\"Unicorn Wave Portugal\" \/>\n<meta name=\"twitter:card\" content=\"summary_large_image\" \/>\n<meta name=\"twitter:label1\" content=\"Est. tempo de leitura\" \/>\n\t<meta name=\"twitter:data1\" content=\"3 minutos\" \/>\n<script type=\"application\/ld+json\" class=\"yoast-schema-graph\">{\"@context\":\"https:\/\/schema.org\",\"@graph\":[{\"@type\":\"Organization\",\"@id\":\"https:\/\/unicornwave.com\/pt\/#organization\",\"name\":\"Unicorn Wave Deutschland\",\"url\":\"https:\/\/unicornwave.com\/pt\/\",\"sameAs\":[],\"logo\":{\"@type\":\"ImageObject\",\"@id\":\"https:\/\/unicornwave.com\/pt\/#logo\",\"inLanguage\":\"pt-BR\",\"url\":\"https:\/\/unicornwave.com\/pt\/wp-content\/uploads\/2020\/04\/Asset-21.png\",\"contentUrl\":\"https:\/\/unicornwave.com\/pt\/wp-content\/uploads\/2020\/04\/Asset-21.png\",\"width\":264,\"height\":65,\"caption\":\"Unicorn Wave Deutschland\"},\"image\":{\"@id\":\"https:\/\/unicornwave.com\/pt\/#logo\"}},{\"@type\":\"WebSite\",\"@id\":\"https:\/\/unicornwave.com\/pt\/#website\",\"url\":\"https:\/\/unicornwave.com\/pt\/\",\"name\":\"Unicorn Wave Portugal\",\"description\":\"\",\"publisher\":{\"@id\":\"https:\/\/unicornwave.com\/pt\/#organization\"},\"potentialAction\":[{\"@type\":\"SearchAction\",\"target\":{\"@type\":\"EntryPoint\",\"urlTemplate\":\"https:\/\/unicornwave.com\/pt\/?s={search_term_string}\"},\"query-input\":\"required name=search_term_string\"}],\"inLanguage\":\"pt-BR\"},{\"@type\":\"WebPage\",\"@id\":\"https:\/\/unicornwave.com\/pt\/terms-and-conditions\/#webpage\",\"url\":\"https:\/\/unicornwave.com\/pt\/terms-and-conditions\/\",\"name\":\"Termos e Condi\u00e7\u00f5es - Unicorn Wave Portugal\",\"isPartOf\":{\"@id\":\"https:\/\/unicornwave.com\/pt\/#website\"},\"datePublished\":\"2020-07-02T02:40:46+00:00\",\"dateModified\":\"2020-07-02T02:40:46+00:00\",\"description\":\"Fornecemos servi\u00e7os a voc\u00ea, sujeitos aos avisos, termos e condi\u00e7\u00f5es estabelecidos neste contrato. Al\u00e9m disso, voc\u00ea deve obedecer \u00e0s regras, diretrizes,\",\"breadcrumb\":{\"@id\":\"https:\/\/unicornwave.com\/pt\/terms-and-conditions\/#breadcrumb\"},\"inLanguage\":\"pt-BR\",\"potentialAction\":[{\"@type\":\"ReadAction\",\"target\":[\"https:\/\/unicornwave.com\/pt\/terms-and-conditions\/\"]}]},{\"@type\":\"BreadcrumbList\",\"@id\":\"https:\/\/unicornwave.com\/pt\/terms-and-conditions\/#breadcrumb\",\"itemListElement\":[{\"@type\":\"ListItem\",\"position\":1,\"name\":\"Home\",\"item\":\"https:\/\/unicornwave.com\/pt\/\"},{\"@type\":\"ListItem\",\"position\":2,\"name\":\"Termos e Condi\u00e7\u00f5es\"}]}]}<\/script>\n<!-- \/ Yoast SEO plugin. -->","yoast_head_json":{"title":"Termos e Condi\u00e7\u00f5es - Unicorn Wave Portugal","description":"Fornecemos servi\u00e7os a voc\u00ea, sujeitos aos avisos, termos e condi\u00e7\u00f5es estabelecidos neste contrato. Al\u00e9m disso, voc\u00ea deve obedecer \u00e0s regras, diretrizes,","robots":{"index":"index","follow":"follow","max-snippet":"max-snippet:-1","max-image-preview":"max-image-preview:large","max-video-preview":"max-video-preview:-1"},"canonical":"https:\/\/unicornwave.com\/pt\/terms-and-conditions\/","og_locale":"pt_BR","og_type":"article","og_title":"Termos e Condi\u00e7\u00f5es - Unicorn Wave Portugal","og_description":"Fornecemos servi\u00e7os a voc\u00ea, sujeitos aos avisos, termos e condi\u00e7\u00f5es estabelecidos neste contrato. Al\u00e9m disso, voc\u00ea deve obedecer \u00e0s regras, diretrizes,","og_url":"https:\/\/unicornwave.com\/pt\/terms-and-conditions\/","og_site_name":"Unicorn Wave Portugal","twitter_card":"summary_large_image","twitter_misc":{"Est. tempo de leitura":"3 minutos"},"schema":{"@context":"https:\/\/schema.org","@graph":[{"@type":"Organization","@id":"https:\/\/unicornwave.com\/pt\/#organization","name":"Unicorn Wave Deutschland","url":"https:\/\/unicornwave.com\/pt\/","sameAs":[],"logo":{"@type":"ImageObject","@id":"https:\/\/unicornwave.com\/pt\/#logo","inLanguage":"pt-BR","url":"https:\/\/unicornwave.com\/pt\/wp-content\/uploads\/2020\/04\/Asset-21.png","contentUrl":"https:\/\/unicornwave.com\/pt\/wp-content\/uploads\/2020\/04\/Asset-21.png","width":264,"height":65,"caption":"Unicorn Wave Deutschland"},"image":{"@id":"https:\/\/unicornwave.com\/pt\/#logo"}},{"@type":"WebSite","@id":"https:\/\/unicornwave.com\/pt\/#website","url":"https:\/\/unicornwave.com\/pt\/","name":"Unicorn Wave Portugal","description":"","publisher":{"@id":"https:\/\/unicornwave.com\/pt\/#organization"},"potentialAction":[{"@type":"SearchAction","target":{"@type":"EntryPoint","urlTemplate":"https:\/\/unicornwave.com\/pt\/?s={search_term_string}"},"query-input":"required name=search_term_string"}],"inLanguage":"pt-BR"},{"@type":"WebPage","@id":"https:\/\/unicornwave.com\/pt\/terms-and-conditions\/#webpage","url":"https:\/\/unicornwave.com\/pt\/terms-and-conditions\/","name":"Termos e Condi\u00e7\u00f5es - Unicorn Wave Portugal","isPartOf":{"@id":"https:\/\/unicornwave.com\/pt\/#website"},"datePublished":"2020-07-02T02:40:46+00:00","dateModified":"2020-07-02T02:40:46+00:00","description":"Fornecemos servi\u00e7os a voc\u00ea, sujeitos aos avisos, termos e condi\u00e7\u00f5es estabelecidos neste contrato. Al\u00e9m disso, voc\u00ea deve obedecer \u00e0s regras, diretrizes,","breadcrumb":{"@id":"https:\/\/unicornwave.com\/pt\/terms-and-conditions\/#breadcrumb"},"inLanguage":"pt-BR","potentialAction":[{"@type":"ReadAction","target":["https:\/\/unicornwave.com\/pt\/terms-and-conditions\/"]}]},{"@type":"BreadcrumbList","@id":"https:\/\/unicornwave.com\/pt\/terms-and-conditions\/#breadcrumb","itemListElement":[{"@type":"ListItem","position":1,"name":"Home","item":"https:\/\/unicornwave.com\/pt\/"},{"@type":"ListItem","position":2,"name":"Termos e Condi\u00e7\u00f5es"}]}]}},"_links":{"self":[{"href":"https:\/\/unicornwave.com\/pt\/wp-json\/wp\/v2\/pages\/5831"}],"collection":[{"href":"https:\/\/unicornwave.com\/pt\/wp-json\/wp\/v2\/pages"}],"about":[{"href":"https:\/\/unicornwave.com\/pt\/wp-json\/wp\/v2\/types\/page"}],"author":[{"embeddable":true,"href":"https:\/\/unicornwave.com\/pt\/wp-json\/wp\/v2\/users\/1"}],"replies":[{"embeddable":true,"href":"https:\/\/unicornwave.com\/pt\/wp-json\/wp\/v2\/comments?post=5831"}],"version-history":[{"count":0,"href":"https:\/\/unicornwave.com\/pt\/wp-json\/wp\/v2\/pages\/5831\/revisions"}],"wp:attachment":[{"href":"https:\/\/unicornwave.com\/pt\/wp-json\/wp\/v2\/media?parent=5831"}],"curies":[{"name":"wp","href":"https:\/\/api.w.org\/{rel}","templated":true}]}}