{"id":5832,"date":"2020-07-02T02:40:47","date_gmt":"2020-07-02T02:40:47","guid":{"rendered":"https:\/\/unicornwave.com\/pt\/refund-policy\/"},"modified":"2020-07-02T02:40:47","modified_gmt":"2020-07-02T02:40:47","slug":"refund-policy","status":"publish","type":"page","link":"https:\/\/unicornwave.com\/pt\/refund-policy\/","title":{"rendered":"Pol\u00edtica de Retorno &#038; Reembolso"},"content":{"rendered":"<h3>Cancelamento do pedido<\/h3>\n<p>Todos os pedidos podem ser cancelados at\u00e9 serem enviados. Se o seu pedido tiver sido pago e voc\u00ea precisar alter\u00e1-lo ou cancel\u00e1-lo, entre em contato conosco dentro de 12 horas. Uma vez iniciado o processo de embalagem e envio, ele n\u00e3o poder\u00e1 mais ser cancelado.<\/p>\n<h3>Reembolsos<\/h3>\n<p>Your satisfaction is our #1 priority. We want you to shop with confidence. That\u2019s why we proudly offer an absolute satisfaction guarantees that ensure you\u2019ll receive your item on time and as described.<\/p>\n<p>Our highest priority is to make you happy, so everyone who shops on unicornwave.com receives the following guarantees:<\/p>\n<ul>\n<li>full refund if you don\u2019t receive your order;<\/li>\n<li>voc\u00ea n\u00e3o os recebe dentro do prazo garantido (45 dias \u00fateis, sem o processamento de 2 a 5 dias)<\/li>\n<li>full or partial refund if the item is not as described;<\/li>\n<\/ul>\n<p>Full refunds are not available under the following circumstances:<\/p>\n<ul>\n<li>seu pedido n\u00e3o chega devido a fatores sob seu controle (por exemplo, fornecer o endere\u00e7o de entrega errado)<\/li>\n<li>seu pedido n\u00e3o chega devido a circunst\u00e2ncias excepcionais fora de nosso controle (por exemplo, n\u00e3o autorizadas pela alf\u00e2ndega, atrasadas por um desastre natural).<\/li>\n<\/ul>\n<p>All our products are backed with 60-day money back guarantee. Just send us a message on <a href=\"\/contact-us\/\">Contact Us page<\/a> or contact us at support@unicornwave.com and we will refund the purchase price.<\/p>\n<h3>Easy Returns<\/h3>\n<p>All our products are backed with 60-day money back guarantee. Just contact us and we will refund the purchase price.<\/p>\n<p>We stand behind everything we sell. If you are not satisfied with your purchase, you can return it for a replacement or refund. No questions asked! You only should return it at your expense.<\/p>\n<p>Please contact us first and we will guide you through the steps. We are always ready to give you the best solutions!<\/p>\n<p>Please do not send your purchase back to us unless we authorize you to do so.<\/p>\n","protected":false},"excerpt":{"rendered":"<p>Cancelamento do pedido Todos os pedidos podem ser cancelados at\u00e9 serem enviados. Se o seu pedido tiver sido pago e voc\u00ea precisar alter\u00e1-lo ou cancel\u00e1-lo, entre em contato conosco dentro de 12 horas. Uma vez iniciado o processo de embalagem e envio, ele n\u00e3o poder\u00e1 mais ser cancelado. Reembolsos Your&#8230;<\/p>\n","protected":false},"author":1,"featured_media":0,"parent":0,"menu_order":0,"comment_status":"closed","ping_status":"closed","template":"","meta":[],"yoast_head":"<!-- This site is optimized with the Yoast SEO plugin v18.4.1 - https:\/\/yoast.com\/wordpress\/plugins\/seo\/ -->\n<title>Pol\u00edtica de Retorno &amp; Reembolso - Unicorn Wave Portugal<\/title>\n<meta name=\"description\" content=\"Cancelamento do pedido Todos os pedidos podem ser cancelados at\u00e9 serem enviados. Se o seu pedido tiver sido pago e voc\u00ea precisar alter\u00e1-lo ou cancel\u00e1-lo,\" \/>\n<meta name=\"robots\" content=\"index, follow, max-snippet:-1, max-image-preview:large, max-video-preview:-1\" \/>\n<link rel=\"canonical\" href=\"https:\/\/unicornwave.com\/pt\/refund-policy\/\" \/>\n<meta property=\"og:locale\" content=\"pt_BR\" \/>\n<meta property=\"og:type\" content=\"article\" \/>\n<meta property=\"og:title\" content=\"Pol\u00edtica de Retorno &amp; Reembolso - Unicorn Wave Portugal\" \/>\n<meta property=\"og:description\" content=\"Cancelamento do pedido Todos os pedidos podem ser cancelados at\u00e9 serem enviados. Se o seu pedido tiver sido pago e voc\u00ea precisar alter\u00e1-lo ou cancel\u00e1-lo,\" \/>\n<meta property=\"og:url\" content=\"https:\/\/unicornwave.com\/pt\/refund-policy\/\" \/>\n<meta property=\"og:site_name\" content=\"Unicorn Wave Portugal\" \/>\n<meta name=\"twitter:card\" content=\"summary_large_image\" \/>\n<meta name=\"twitter:label1\" content=\"Est. tempo de leitura\" \/>\n\t<meta name=\"twitter:data1\" content=\"2 minutos\" \/>\n<script type=\"application\/ld+json\" class=\"yoast-schema-graph\">{\"@context\":\"https:\/\/schema.org\",\"@graph\":[{\"@type\":\"Organization\",\"@id\":\"https:\/\/unicornwave.com\/pt\/#organization\",\"name\":\"Unicorn Wave Deutschland\",\"url\":\"https:\/\/unicornwave.com\/pt\/\",\"sameAs\":[],\"logo\":{\"@type\":\"ImageObject\",\"@id\":\"https:\/\/unicornwave.com\/pt\/#logo\",\"inLanguage\":\"pt-BR\",\"url\":\"https:\/\/unicornwave.com\/pt\/wp-content\/uploads\/2020\/04\/Asset-21.png\",\"contentUrl\":\"https:\/\/unicornwave.com\/pt\/wp-content\/uploads\/2020\/04\/Asset-21.png\",\"width\":264,\"height\":65,\"caption\":\"Unicorn Wave Deutschland\"},\"image\":{\"@id\":\"https:\/\/unicornwave.com\/pt\/#logo\"}},{\"@type\":\"WebSite\",\"@id\":\"https:\/\/unicornwave.com\/pt\/#website\",\"url\":\"https:\/\/unicornwave.com\/pt\/\",\"name\":\"Unicorn Wave Portugal\",\"description\":\"\",\"publisher\":{\"@id\":\"https:\/\/unicornwave.com\/pt\/#organization\"},\"potentialAction\":[{\"@type\":\"SearchAction\",\"target\":{\"@type\":\"EntryPoint\",\"urlTemplate\":\"https:\/\/unicornwave.com\/pt\/?s={search_term_string}\"},\"query-input\":\"required name=search_term_string\"}],\"inLanguage\":\"pt-BR\"},{\"@type\":\"WebPage\",\"@id\":\"https:\/\/unicornwave.com\/pt\/refund-policy\/#webpage\",\"url\":\"https:\/\/unicornwave.com\/pt\/refund-policy\/\",\"name\":\"Pol\u00edtica de Retorno & Reembolso - Unicorn Wave Portugal\",\"isPartOf\":{\"@id\":\"https:\/\/unicornwave.com\/pt\/#website\"},\"datePublished\":\"2020-07-02T02:40:47+00:00\",\"dateModified\":\"2020-07-02T02:40:47+00:00\",\"description\":\"Cancelamento do pedido Todos os pedidos podem ser cancelados at\u00e9 serem enviados. Se o seu pedido tiver sido pago e voc\u00ea precisar alter\u00e1-lo ou cancel\u00e1-lo,\",\"breadcrumb\":{\"@id\":\"https:\/\/unicornwave.com\/pt\/refund-policy\/#breadcrumb\"},\"inLanguage\":\"pt-BR\",\"potentialAction\":[{\"@type\":\"ReadAction\",\"target\":[\"https:\/\/unicornwave.com\/pt\/refund-policy\/\"]}]},{\"@type\":\"BreadcrumbList\",\"@id\":\"https:\/\/unicornwave.com\/pt\/refund-policy\/#breadcrumb\",\"itemListElement\":[{\"@type\":\"ListItem\",\"position\":1,\"name\":\"Home\",\"item\":\"https:\/\/unicornwave.com\/pt\/\"},{\"@type\":\"ListItem\",\"position\":2,\"name\":\"Pol\u00edtica de Retorno &#038; Reembolso\"}]}]}<\/script>\n<!-- \/ Yoast SEO plugin. -->","yoast_head_json":{"title":"Pol\u00edtica de Retorno & Reembolso - Unicorn Wave Portugal","description":"Cancelamento do pedido Todos os pedidos podem ser cancelados at\u00e9 serem enviados. Se o seu pedido tiver sido pago e voc\u00ea precisar alter\u00e1-lo ou cancel\u00e1-lo,","robots":{"index":"index","follow":"follow","max-snippet":"max-snippet:-1","max-image-preview":"max-image-preview:large","max-video-preview":"max-video-preview:-1"},"canonical":"https:\/\/unicornwave.com\/pt\/refund-policy\/","og_locale":"pt_BR","og_type":"article","og_title":"Pol\u00edtica de Retorno & Reembolso - Unicorn Wave Portugal","og_description":"Cancelamento do pedido Todos os pedidos podem ser cancelados at\u00e9 serem enviados. Se o seu pedido tiver sido pago e voc\u00ea precisar alter\u00e1-lo ou cancel\u00e1-lo,","og_url":"https:\/\/unicornwave.com\/pt\/refund-policy\/","og_site_name":"Unicorn Wave Portugal","twitter_card":"summary_large_image","twitter_misc":{"Est. tempo de leitura":"2 minutos"},"schema":{"@context":"https:\/\/schema.org","@graph":[{"@type":"Organization","@id":"https:\/\/unicornwave.com\/pt\/#organization","name":"Unicorn Wave Deutschland","url":"https:\/\/unicornwave.com\/pt\/","sameAs":[],"logo":{"@type":"ImageObject","@id":"https:\/\/unicornwave.com\/pt\/#logo","inLanguage":"pt-BR","url":"https:\/\/unicornwave.com\/pt\/wp-content\/uploads\/2020\/04\/Asset-21.png","contentUrl":"https:\/\/unicornwave.com\/pt\/wp-content\/uploads\/2020\/04\/Asset-21.png","width":264,"height":65,"caption":"Unicorn Wave Deutschland"},"image":{"@id":"https:\/\/unicornwave.com\/pt\/#logo"}},{"@type":"WebSite","@id":"https:\/\/unicornwave.com\/pt\/#website","url":"https:\/\/unicornwave.com\/pt\/","name":"Unicorn Wave Portugal","description":"","publisher":{"@id":"https:\/\/unicornwave.com\/pt\/#organization"},"potentialAction":[{"@type":"SearchAction","target":{"@type":"EntryPoint","urlTemplate":"https:\/\/unicornwave.com\/pt\/?s={search_term_string}"},"query-input":"required name=search_term_string"}],"inLanguage":"pt-BR"},{"@type":"WebPage","@id":"https:\/\/unicornwave.com\/pt\/refund-policy\/#webpage","url":"https:\/\/unicornwave.com\/pt\/refund-policy\/","name":"Pol\u00edtica de Retorno & Reembolso - Unicorn Wave Portugal","isPartOf":{"@id":"https:\/\/unicornwave.com\/pt\/#website"},"datePublished":"2020-07-02T02:40:47+00:00","dateModified":"2020-07-02T02:40:47+00:00","description":"Cancelamento do pedido Todos os pedidos podem ser cancelados at\u00e9 serem enviados. Se o seu pedido tiver sido pago e voc\u00ea precisar alter\u00e1-lo ou cancel\u00e1-lo,","breadcrumb":{"@id":"https:\/\/unicornwave.com\/pt\/refund-policy\/#breadcrumb"},"inLanguage":"pt-BR","potentialAction":[{"@type":"ReadAction","target":["https:\/\/unicornwave.com\/pt\/refund-policy\/"]}]},{"@type":"BreadcrumbList","@id":"https:\/\/unicornwave.com\/pt\/refund-policy\/#breadcrumb","itemListElement":[{"@type":"ListItem","position":1,"name":"Home","item":"https:\/\/unicornwave.com\/pt\/"},{"@type":"ListItem","position":2,"name":"Pol\u00edtica de Retorno &#038; Reembolso"}]}]}},"_links":{"self":[{"href":"https:\/\/unicornwave.com\/pt\/wp-json\/wp\/v2\/pages\/5832"}],"collection":[{"href":"https:\/\/unicornwave.com\/pt\/wp-json\/wp\/v2\/pages"}],"about":[{"href":"https:\/\/unicornwave.com\/pt\/wp-json\/wp\/v2\/types\/page"}],"author":[{"embeddable":true,"href":"https:\/\/unicornwave.com\/pt\/wp-json\/wp\/v2\/users\/1"}],"replies":[{"embeddable":true,"href":"https:\/\/unicornwave.com\/pt\/wp-json\/wp\/v2\/comments?post=5832"}],"version-history":[{"count":0,"href":"https:\/\/unicornwave.com\/pt\/wp-json\/wp\/v2\/pages\/5832\/revisions"}],"wp:attachment":[{"href":"https:\/\/unicornwave.com\/pt\/wp-json\/wp\/v2\/media?parent=5832"}],"curies":[{"name":"wp","href":"https:\/\/api.w.org\/{rel}","templated":true}]}}