{"id":5833,"date":"2020-07-02T02:40:47","date_gmt":"2020-07-02T02:40:47","guid":{"rendered":"https:\/\/unicornwave.com\/pt\/frequently-asked-questions\/"},"modified":"2020-07-02T02:40:47","modified_gmt":"2020-07-02T02:40:47","slug":"frequently-asked-questions","status":"publish","type":"page","link":"https:\/\/unicornwave.com\/pt\/frequently-asked-questions\/","title":{"rendered":"Perguntas Frequentes"},"content":{"rendered":"<h3>Como pesquisar produtos?<\/h3>\n<p>Procure produtos inserindo o nome ou a palavra-chave do produto no campo <em>Barra de pesquisa<\/em> no topo de qualquer p\u00e1gina. Tente inserir uma descri\u00e7\u00e3o geral. Quanto mais palavras-chave voc\u00ea usar, menor ser\u00e1 o n\u00famero de produtos na p\u00e1gina de resultados. Quando voc\u00ea encontrar um produto em que est\u00e1 interessado, basta clicar no nome ou na imagem do produto para obter mais detalhes.<\/p>\n<h3>Como os custos de envio s\u00e3o calculados?<\/h3>\n<p>Os custos de envio s\u00e3o calculados com base no m\u00e9todo de envio (a\u00e9reo, mar\u00edtimo ou terrestre) e no peso \/ volume do produto. Diferentes empresas de transporte t\u00eam taxas diferentes, por isso \u00e9 melhor verificar e comparar qual \u00e9 o mais acess\u00edvel e econ\u00f4mico. Para mais detalhes sobre como os custos de envio s\u00e3o calculados, por favor <a href=\"https:\/\/unicornwave.com\/pt\/contact-us\">contate-nos<\/a> diretamente.<\/p>\n<h3>O que \u00e9 prote\u00e7\u00e3o ao comprador?<\/h3>\n<p>A Prote\u00e7\u00e3o ao comprador \u00e9 um conjunto de garantias que permite que os compradores comprem com confian\u00e7a em nosso site.<\/p>\n<p>Voc\u00ea est\u00e1 protegido quando:<\/p>\n<ul>\n<li>O item que voc\u00ea pediu n\u00e3o chegou dentro do prazo prometido pelo vendedor.<\/li>\n<li>O item que voc\u00ea recebeu n\u00e3o foi como descrito.<\/li>\n<li>O item que voc\u00ea recebeu que foi garantido como genu\u00edno era falso.<\/li>\n<\/ul>\n","protected":false},"excerpt":{"rendered":"<p>Como pesquisar produtos? Procure produtos inserindo o nome ou a palavra-chave do produto no campo Barra de pesquisa no topo de qualquer p\u00e1gina. Tente inserir uma descri\u00e7\u00e3o geral. Quanto mais palavras-chave voc\u00ea usar, menor ser\u00e1 o n\u00famero de produtos na p\u00e1gina de resultados. Quando voc\u00ea encontrar um produto em que&#8230;<\/p>\n","protected":false},"author":1,"featured_media":0,"parent":0,"menu_order":0,"comment_status":"closed","ping_status":"closed","template":"","meta":[],"yoast_head":"<!-- This site is optimized with the Yoast SEO plugin v18.4.1 - https:\/\/yoast.com\/wordpress\/plugins\/seo\/ -->\n<title>Perguntas Frequentes - Unicorn Wave Portugal<\/title>\n<meta name=\"description\" content=\"Como pesquisar produtos? Procure produtos inserindo o nome ou a palavra-chave do produto no campo Barra de pesquisa no topo de qualquer p\u00e1gina. Tente\" \/>\n<meta name=\"robots\" content=\"index, follow, max-snippet:-1, max-image-preview:large, max-video-preview:-1\" \/>\n<link rel=\"canonical\" href=\"https:\/\/unicornwave.com\/pt\/frequently-asked-questions\/\" \/>\n<meta property=\"og:locale\" content=\"pt_BR\" \/>\n<meta property=\"og:type\" content=\"article\" \/>\n<meta property=\"og:title\" content=\"Perguntas Frequentes - Unicorn Wave Portugal\" \/>\n<meta property=\"og:description\" content=\"Como pesquisar produtos? Procure produtos inserindo o nome ou a palavra-chave do produto no campo Barra de pesquisa no topo de qualquer p\u00e1gina. Tente\" \/>\n<meta property=\"og:url\" content=\"https:\/\/unicornwave.com\/pt\/frequently-asked-questions\/\" \/>\n<meta property=\"og:site_name\" content=\"Unicorn Wave Portugal\" \/>\n<meta name=\"twitter:card\" content=\"summary_large_image\" \/>\n<meta name=\"twitter:label1\" content=\"Est. tempo de leitura\" \/>\n\t<meta name=\"twitter:data1\" content=\"1 minuto\" \/>\n<script type=\"application\/ld+json\" class=\"yoast-schema-graph\">{\"@context\":\"https:\/\/schema.org\",\"@graph\":[{\"@type\":\"Organization\",\"@id\":\"https:\/\/unicornwave.com\/pt\/#organization\",\"name\":\"Unicorn Wave Deutschland\",\"url\":\"https:\/\/unicornwave.com\/pt\/\",\"sameAs\":[],\"logo\":{\"@type\":\"ImageObject\",\"@id\":\"https:\/\/unicornwave.com\/pt\/#logo\",\"inLanguage\":\"pt-BR\",\"url\":\"https:\/\/unicornwave.com\/pt\/wp-content\/uploads\/2020\/04\/Asset-21.png\",\"contentUrl\":\"https:\/\/unicornwave.com\/pt\/wp-content\/uploads\/2020\/04\/Asset-21.png\",\"width\":264,\"height\":65,\"caption\":\"Unicorn Wave Deutschland\"},\"image\":{\"@id\":\"https:\/\/unicornwave.com\/pt\/#logo\"}},{\"@type\":\"WebSite\",\"@id\":\"https:\/\/unicornwave.com\/pt\/#website\",\"url\":\"https:\/\/unicornwave.com\/pt\/\",\"name\":\"Unicorn Wave Portugal\",\"description\":\"\",\"publisher\":{\"@id\":\"https:\/\/unicornwave.com\/pt\/#organization\"},\"potentialAction\":[{\"@type\":\"SearchAction\",\"target\":{\"@type\":\"EntryPoint\",\"urlTemplate\":\"https:\/\/unicornwave.com\/pt\/?s={search_term_string}\"},\"query-input\":\"required name=search_term_string\"}],\"inLanguage\":\"pt-BR\"},{\"@type\":\"WebPage\",\"@id\":\"https:\/\/unicornwave.com\/pt\/frequently-asked-questions\/#webpage\",\"url\":\"https:\/\/unicornwave.com\/pt\/frequently-asked-questions\/\",\"name\":\"Perguntas Frequentes - Unicorn Wave Portugal\",\"isPartOf\":{\"@id\":\"https:\/\/unicornwave.com\/pt\/#website\"},\"datePublished\":\"2020-07-02T02:40:47+00:00\",\"dateModified\":\"2020-07-02T02:40:47+00:00\",\"description\":\"Como pesquisar produtos? Procure produtos inserindo o nome ou a palavra-chave do produto no campo Barra de pesquisa no topo de qualquer p\u00e1gina. Tente\",\"breadcrumb\":{\"@id\":\"https:\/\/unicornwave.com\/pt\/frequently-asked-questions\/#breadcrumb\"},\"inLanguage\":\"pt-BR\",\"potentialAction\":[{\"@type\":\"ReadAction\",\"target\":[\"https:\/\/unicornwave.com\/pt\/frequently-asked-questions\/\"]}]},{\"@type\":\"BreadcrumbList\",\"@id\":\"https:\/\/unicornwave.com\/pt\/frequently-asked-questions\/#breadcrumb\",\"itemListElement\":[{\"@type\":\"ListItem\",\"position\":1,\"name\":\"Home\",\"item\":\"https:\/\/unicornwave.com\/pt\/\"},{\"@type\":\"ListItem\",\"position\":2,\"name\":\"Perguntas Frequentes\"}]}]}<\/script>\n<!-- \/ Yoast SEO plugin. -->","yoast_head_json":{"title":"Perguntas Frequentes - Unicorn Wave Portugal","description":"Como pesquisar produtos? Procure produtos inserindo o nome ou a palavra-chave do produto no campo Barra de pesquisa no topo de qualquer p\u00e1gina. Tente","robots":{"index":"index","follow":"follow","max-snippet":"max-snippet:-1","max-image-preview":"max-image-preview:large","max-video-preview":"max-video-preview:-1"},"canonical":"https:\/\/unicornwave.com\/pt\/frequently-asked-questions\/","og_locale":"pt_BR","og_type":"article","og_title":"Perguntas Frequentes - Unicorn Wave Portugal","og_description":"Como pesquisar produtos? Procure produtos inserindo o nome ou a palavra-chave do produto no campo Barra de pesquisa no topo de qualquer p\u00e1gina. Tente","og_url":"https:\/\/unicornwave.com\/pt\/frequently-asked-questions\/","og_site_name":"Unicorn Wave Portugal","twitter_card":"summary_large_image","twitter_misc":{"Est. tempo de leitura":"1 minuto"},"schema":{"@context":"https:\/\/schema.org","@graph":[{"@type":"Organization","@id":"https:\/\/unicornwave.com\/pt\/#organization","name":"Unicorn Wave Deutschland","url":"https:\/\/unicornwave.com\/pt\/","sameAs":[],"logo":{"@type":"ImageObject","@id":"https:\/\/unicornwave.com\/pt\/#logo","inLanguage":"pt-BR","url":"https:\/\/unicornwave.com\/pt\/wp-content\/uploads\/2020\/04\/Asset-21.png","contentUrl":"https:\/\/unicornwave.com\/pt\/wp-content\/uploads\/2020\/04\/Asset-21.png","width":264,"height":65,"caption":"Unicorn Wave Deutschland"},"image":{"@id":"https:\/\/unicornwave.com\/pt\/#logo"}},{"@type":"WebSite","@id":"https:\/\/unicornwave.com\/pt\/#website","url":"https:\/\/unicornwave.com\/pt\/","name":"Unicorn Wave Portugal","description":"","publisher":{"@id":"https:\/\/unicornwave.com\/pt\/#organization"},"potentialAction":[{"@type":"SearchAction","target":{"@type":"EntryPoint","urlTemplate":"https:\/\/unicornwave.com\/pt\/?s={search_term_string}"},"query-input":"required name=search_term_string"}],"inLanguage":"pt-BR"},{"@type":"WebPage","@id":"https:\/\/unicornwave.com\/pt\/frequently-asked-questions\/#webpage","url":"https:\/\/unicornwave.com\/pt\/frequently-asked-questions\/","name":"Perguntas Frequentes - Unicorn Wave Portugal","isPartOf":{"@id":"https:\/\/unicornwave.com\/pt\/#website"},"datePublished":"2020-07-02T02:40:47+00:00","dateModified":"2020-07-02T02:40:47+00:00","description":"Como pesquisar produtos? Procure produtos inserindo o nome ou a palavra-chave do produto no campo Barra de pesquisa no topo de qualquer p\u00e1gina. Tente","breadcrumb":{"@id":"https:\/\/unicornwave.com\/pt\/frequently-asked-questions\/#breadcrumb"},"inLanguage":"pt-BR","potentialAction":[{"@type":"ReadAction","target":["https:\/\/unicornwave.com\/pt\/frequently-asked-questions\/"]}]},{"@type":"BreadcrumbList","@id":"https:\/\/unicornwave.com\/pt\/frequently-asked-questions\/#breadcrumb","itemListElement":[{"@type":"ListItem","position":1,"name":"Home","item":"https:\/\/unicornwave.com\/pt\/"},{"@type":"ListItem","position":2,"name":"Perguntas Frequentes"}]}]}},"_links":{"self":[{"href":"https:\/\/unicornwave.com\/pt\/wp-json\/wp\/v2\/pages\/5833"}],"collection":[{"href":"https:\/\/unicornwave.com\/pt\/wp-json\/wp\/v2\/pages"}],"about":[{"href":"https:\/\/unicornwave.com\/pt\/wp-json\/wp\/v2\/types\/page"}],"author":[{"embeddable":true,"href":"https:\/\/unicornwave.com\/pt\/wp-json\/wp\/v2\/users\/1"}],"replies":[{"embeddable":true,"href":"https:\/\/unicornwave.com\/pt\/wp-json\/wp\/v2\/comments?post=5833"}],"version-history":[{"count":0,"href":"https:\/\/unicornwave.com\/pt\/wp-json\/wp\/v2\/pages\/5833\/revisions"}],"wp:attachment":[{"href":"https:\/\/unicornwave.com\/pt\/wp-json\/wp\/v2\/media?parent=5833"}],"curies":[{"name":"wp","href":"https:\/\/api.w.org\/{rel}","templated":true}]}}