{"id":5848,"date":"2020-07-02T02:43:17","date_gmt":"2020-07-02T02:43:17","guid":{"rendered":"https:\/\/unicornwave.com\/pt\/?page_id=5848"},"modified":"2020-09-10T06:11:44","modified_gmt":"2020-09-10T06:11:44","slug":"atualizacao-covid-19","status":"publish","type":"page","link":"https:\/\/unicornwave.com\/pt\/atualizacao-covid-19\/","title":{"rendered":"Atualiza\u00e7\u00e3o COVID-19"},"content":{"rendered":"\n<p>Estamos a trabalhar arduamente para fazer chegar as encomendas at\u00e9 si de forma segura e mant\u00ea-lo atualizado sobre as altera\u00e7\u00f5es que fizemos durante este per\u00edodo.<\/p>\n\n\n\n<p>Estamos a trabalhar de perto com os nossos parceiros de entregas para assegurar que todas as encomendas sejam recebidas a tempo e de forma segura. O bem-estar dos nossos clientes \u00e9 a nossa principal prioridade e est\u00e3o a ser adotadas todas as precau\u00e7\u00f5es necess\u00e1rias para assegurar a seguran\u00e7a dos nossos clientes e transportadores durante este per\u00edodo.<\/p>\n\n\n\n<p>Neste momento n\u00e3o \u00e9 poss\u00edvel enviarmos a sua encomenda t\u00e3o r\u00e1pido quanto o normal. O motivo \u00e9, por um lado, a crescente procura neste momento, e por outro, o ajuste das nossas capacidades internas para prote\u00e7\u00e3o dos nossos funcion\u00e1rios, de modo a assegurar a seguran\u00e7a dos mesmos, levamos a cabo medidas de sa\u00fade e higiene adicionais no nosso centro log\u00edstico. Infelizmente, isto significa que, de momento, necessitamos de mais tempo para processar a sua encomenda do que o habitual. Como tal, pedimos a sua compreens\u00e3o e asseguramos-lhe que faremos tudo o que estiver ao nosso alcance para que receba a sua encomenda o mais rapidamente poss\u00edvel.<\/p>\n\n\n\n<p>Estamos a fazer todos os poss\u00edveis para assegurar que as suas encomendas cheguem at\u00e9 si o mais r\u00e1pido poss\u00edvel, mas sabemos que voc\u00eas, os nossos estimados clientes, ir\u00e3o compreender caso haja um pequeno atraso enquanto nos ajustamos \u00e0s novas formas de trabalho.<\/p>\n\n\n\n<p>Caso tenha alguma quest\u00e3o, a nossa equipa de apoio ao cliente estar\u00e1 aqui para si como sempre esteve. Pode sempre contact\u00e1-los atrav\u00e9s do email\u00a0<a href=\"mailto:support@unicornwave.com\">support@unicornwave.com<\/a>.<\/p>\n","protected":false},"excerpt":{"rendered":"<p>Estamos a trabalhar arduamente para fazer chegar as encomendas at\u00e9 si de forma segura e mant\u00ea-lo atualizado sobre as altera\u00e7\u00f5es que fizemos durante este per\u00edodo. Estamos a trabalhar de perto com os nossos parceiros de entregas para assegurar que todas as encomendas sejam recebidas a tempo e de forma segura&#8230;.<\/p>\n","protected":false},"author":1,"featured_media":0,"parent":0,"menu_order":0,"comment_status":"closed","ping_status":"closed","template":"","meta":[],"yoast_head":"<!-- This site is optimized with the Yoast SEO plugin v18.4.1 - https:\/\/yoast.com\/wordpress\/plugins\/seo\/ -->\n<title>Atualiza\u00e7\u00e3o COVID-19 - Unicorn Wave Portugal<\/title>\n<meta name=\"description\" content=\"Estamos a trabalhar arduamente para fazer chegar as encomendas at\u00e9 si de forma segura e mant\u00ea-lo atualizado sobre as altera\u00e7\u00f5es que fizemos durante este\" \/>\n<meta name=\"robots\" content=\"index, follow, max-snippet:-1, max-image-preview:large, max-video-preview:-1\" \/>\n<link rel=\"canonical\" href=\"https:\/\/unicornwave.com\/pt\/atualizacao-covid-19\/\" \/>\n<meta property=\"og:locale\" content=\"pt_BR\" \/>\n<meta property=\"og:type\" content=\"article\" \/>\n<meta property=\"og:title\" content=\"Atualiza\u00e7\u00e3o COVID-19 - Unicorn Wave Portugal\" \/>\n<meta property=\"og:description\" content=\"Estamos a trabalhar arduamente para fazer chegar as encomendas at\u00e9 si de forma segura e mant\u00ea-lo atualizado sobre as altera\u00e7\u00f5es que fizemos durante este\" \/>\n<meta property=\"og:url\" content=\"https:\/\/unicornwave.com\/pt\/atualizacao-covid-19\/\" \/>\n<meta property=\"og:site_name\" content=\"Unicorn Wave Portugal\" \/>\n<meta property=\"article:modified_time\" content=\"2020-09-10T06:11:44+00:00\" \/>\n<meta name=\"twitter:card\" content=\"summary_large_image\" \/>\n<meta name=\"twitter:label1\" content=\"Est. tempo de leitura\" \/>\n\t<meta name=\"twitter:data1\" content=\"1 minuto\" \/>\n<script type=\"application\/ld+json\" class=\"yoast-schema-graph\">{\"@context\":\"https:\/\/schema.org\",\"@graph\":[{\"@type\":\"Organization\",\"@id\":\"https:\/\/unicornwave.com\/pt\/#organization\",\"name\":\"Unicorn Wave Deutschland\",\"url\":\"https:\/\/unicornwave.com\/pt\/\",\"sameAs\":[],\"logo\":{\"@type\":\"ImageObject\",\"@id\":\"https:\/\/unicornwave.com\/pt\/#logo\",\"inLanguage\":\"pt-BR\",\"url\":\"https:\/\/unicornwave.com\/pt\/wp-content\/uploads\/2020\/04\/Asset-21.png\",\"contentUrl\":\"https:\/\/unicornwave.com\/pt\/wp-content\/uploads\/2020\/04\/Asset-21.png\",\"width\":264,\"height\":65,\"caption\":\"Unicorn Wave Deutschland\"},\"image\":{\"@id\":\"https:\/\/unicornwave.com\/pt\/#logo\"}},{\"@type\":\"WebSite\",\"@id\":\"https:\/\/unicornwave.com\/pt\/#website\",\"url\":\"https:\/\/unicornwave.com\/pt\/\",\"name\":\"Unicorn Wave Portugal\",\"description\":\"\",\"publisher\":{\"@id\":\"https:\/\/unicornwave.com\/pt\/#organization\"},\"potentialAction\":[{\"@type\":\"SearchAction\",\"target\":{\"@type\":\"EntryPoint\",\"urlTemplate\":\"https:\/\/unicornwave.com\/pt\/?s={search_term_string}\"},\"query-input\":\"required name=search_term_string\"}],\"inLanguage\":\"pt-BR\"},{\"@type\":\"WebPage\",\"@id\":\"https:\/\/unicornwave.com\/pt\/atualizacao-covid-19\/#webpage\",\"url\":\"https:\/\/unicornwave.com\/pt\/atualizacao-covid-19\/\",\"name\":\"Atualiza\u00e7\u00e3o COVID-19 - Unicorn Wave Portugal\",\"isPartOf\":{\"@id\":\"https:\/\/unicornwave.com\/pt\/#website\"},\"datePublished\":\"2020-07-02T02:43:17+00:00\",\"dateModified\":\"2020-09-10T06:11:44+00:00\",\"description\":\"Estamos a trabalhar arduamente para fazer chegar as encomendas at\u00e9 si de forma segura e mant\u00ea-lo atualizado sobre as altera\u00e7\u00f5es que fizemos durante este\",\"breadcrumb\":{\"@id\":\"https:\/\/unicornwave.com\/pt\/atualizacao-covid-19\/#breadcrumb\"},\"inLanguage\":\"pt-BR\",\"potentialAction\":[{\"@type\":\"ReadAction\",\"target\":[\"https:\/\/unicornwave.com\/pt\/atualizacao-covid-19\/\"]}]},{\"@type\":\"BreadcrumbList\",\"@id\":\"https:\/\/unicornwave.com\/pt\/atualizacao-covid-19\/#breadcrumb\",\"itemListElement\":[{\"@type\":\"ListItem\",\"position\":1,\"name\":\"Home\",\"item\":\"https:\/\/unicornwave.com\/pt\/\"},{\"@type\":\"ListItem\",\"position\":2,\"name\":\"Atualiza\u00e7\u00e3o COVID-19\"}]}]}<\/script>\n<!-- \/ Yoast SEO plugin. -->","yoast_head_json":{"title":"Atualiza\u00e7\u00e3o COVID-19 - Unicorn Wave Portugal","description":"Estamos a trabalhar arduamente para fazer chegar as encomendas at\u00e9 si de forma segura e mant\u00ea-lo atualizado sobre as altera\u00e7\u00f5es que fizemos durante este","robots":{"index":"index","follow":"follow","max-snippet":"max-snippet:-1","max-image-preview":"max-image-preview:large","max-video-preview":"max-video-preview:-1"},"canonical":"https:\/\/unicornwave.com\/pt\/atualizacao-covid-19\/","og_locale":"pt_BR","og_type":"article","og_title":"Atualiza\u00e7\u00e3o COVID-19 - Unicorn Wave Portugal","og_description":"Estamos a trabalhar arduamente para fazer chegar as encomendas at\u00e9 si de forma segura e mant\u00ea-lo atualizado sobre as altera\u00e7\u00f5es que fizemos durante este","og_url":"https:\/\/unicornwave.com\/pt\/atualizacao-covid-19\/","og_site_name":"Unicorn Wave Portugal","article_modified_time":"2020-09-10T06:11:44+00:00","twitter_card":"summary_large_image","twitter_misc":{"Est. tempo de leitura":"1 minuto"},"schema":{"@context":"https:\/\/schema.org","@graph":[{"@type":"Organization","@id":"https:\/\/unicornwave.com\/pt\/#organization","name":"Unicorn Wave Deutschland","url":"https:\/\/unicornwave.com\/pt\/","sameAs":[],"logo":{"@type":"ImageObject","@id":"https:\/\/unicornwave.com\/pt\/#logo","inLanguage":"pt-BR","url":"https:\/\/unicornwave.com\/pt\/wp-content\/uploads\/2020\/04\/Asset-21.png","contentUrl":"https:\/\/unicornwave.com\/pt\/wp-content\/uploads\/2020\/04\/Asset-21.png","width":264,"height":65,"caption":"Unicorn Wave Deutschland"},"image":{"@id":"https:\/\/unicornwave.com\/pt\/#logo"}},{"@type":"WebSite","@id":"https:\/\/unicornwave.com\/pt\/#website","url":"https:\/\/unicornwave.com\/pt\/","name":"Unicorn Wave Portugal","description":"","publisher":{"@id":"https:\/\/unicornwave.com\/pt\/#organization"},"potentialAction":[{"@type":"SearchAction","target":{"@type":"EntryPoint","urlTemplate":"https:\/\/unicornwave.com\/pt\/?s={search_term_string}"},"query-input":"required name=search_term_string"}],"inLanguage":"pt-BR"},{"@type":"WebPage","@id":"https:\/\/unicornwave.com\/pt\/atualizacao-covid-19\/#webpage","url":"https:\/\/unicornwave.com\/pt\/atualizacao-covid-19\/","name":"Atualiza\u00e7\u00e3o COVID-19 - Unicorn Wave Portugal","isPartOf":{"@id":"https:\/\/unicornwave.com\/pt\/#website"},"datePublished":"2020-07-02T02:43:17+00:00","dateModified":"2020-09-10T06:11:44+00:00","description":"Estamos a trabalhar arduamente para fazer chegar as encomendas at\u00e9 si de forma segura e mant\u00ea-lo atualizado sobre as altera\u00e7\u00f5es que fizemos durante este","breadcrumb":{"@id":"https:\/\/unicornwave.com\/pt\/atualizacao-covid-19\/#breadcrumb"},"inLanguage":"pt-BR","potentialAction":[{"@type":"ReadAction","target":["https:\/\/unicornwave.com\/pt\/atualizacao-covid-19\/"]}]},{"@type":"BreadcrumbList","@id":"https:\/\/unicornwave.com\/pt\/atualizacao-covid-19\/#breadcrumb","itemListElement":[{"@type":"ListItem","position":1,"name":"Home","item":"https:\/\/unicornwave.com\/pt\/"},{"@type":"ListItem","position":2,"name":"Atualiza\u00e7\u00e3o COVID-19"}]}]}},"_links":{"self":[{"href":"https:\/\/unicornwave.com\/pt\/wp-json\/wp\/v2\/pages\/5848"}],"collection":[{"href":"https:\/\/unicornwave.com\/pt\/wp-json\/wp\/v2\/pages"}],"about":[{"href":"https:\/\/unicornwave.com\/pt\/wp-json\/wp\/v2\/types\/page"}],"author":[{"embeddable":true,"href":"https:\/\/unicornwave.com\/pt\/wp-json\/wp\/v2\/users\/1"}],"replies":[{"embeddable":true,"href":"https:\/\/unicornwave.com\/pt\/wp-json\/wp\/v2\/comments?post=5848"}],"version-history":[{"count":2,"href":"https:\/\/unicornwave.com\/pt\/wp-json\/wp\/v2\/pages\/5848\/revisions"}],"predecessor-version":[{"id":5865,"href":"https:\/\/unicornwave.com\/pt\/wp-json\/wp\/v2\/pages\/5848\/revisions\/5865"}],"wp:attachment":[{"href":"https:\/\/unicornwave.com\/pt\/wp-json\/wp\/v2\/media?parent=5848"}],"curies":[{"name":"wp","href":"https:\/\/api.w.org\/{rel}","templated":true}]}}